{"id":140,"date":"2020-06-14T21:26:34","date_gmt":"2020-06-14T19:26:34","guid":{"rendered":"http:\/\/192.168.178.48\/wordpress\/?page_id=140"},"modified":"2021-04-20T20:10:55","modified_gmt":"2021-04-20T18:10:55","slug":"impressum","status":"publish","type":"page","link":"https:\/\/blasorchesteraltenburg.de\/index.php\/impressum","title":{"rendered":"Impressum"},"content":{"rendered":"\t\t<div data-elementor-type=\"wp-page\" data-elementor-id=\"140\" class=\"elementor elementor-140\">\n\t\t\t\t\t\t<section class=\"elementor-section elementor-top-section elementor-element elementor-element-f9acf86 elementor-section-boxed elementor-section-height-default elementor-section-height-default\" data-id=\"f9acf86\" data-element_type=\"section\" data-e-type=\"section\">\n\t\t\t\t\t\t<div class=\"elementor-container elementor-column-gap-default\">\n\t\t\t\t\t<div class=\"elementor-column elementor-col-100 elementor-top-column elementor-element elementor-element-f21ca81\" data-id=\"f21ca81\" data-element_type=\"column\" data-e-type=\"column\">\n\t\t\t<div class=\"elementor-widget-wrap elementor-element-populated\">\n\t\t\t\t\t\t<div class=\"elementor-element elementor-element-ccb2f9d elementor-widget elementor-widget-heading\" data-id=\"ccb2f9d\" data-element_type=\"widget\" data-e-type=\"widget\" data-widget_type=\"heading.default\">\n\t\t\t\t<div class=\"elementor-widget-container\">\n\t\t\t\t\t<h2 class=\"elementor-heading-title elementor-size-default\">Impressum<\/h2>\t\t\t\t<\/div>\n\t\t\t\t<\/div>\n\t\t\t\t\t<\/div>\n\t\t<\/div>\n\t\t\t\t\t<\/div>\n\t\t<\/section>\n\t\t\t\t<section class=\"elementor-section elementor-top-section elementor-element elementor-element-d3c2f08 elementor-section-boxed elementor-section-height-default elementor-section-height-default\" data-id=\"d3c2f08\" data-element_type=\"section\" data-e-type=\"section\">\n\t\t\t\t\t\t<div class=\"elementor-container elementor-column-gap-default\">\n\t\t\t\t\t<div class=\"elementor-column elementor-col-100 elementor-top-column elementor-element elementor-element-afd0ecf\" data-id=\"afd0ecf\" data-element_type=\"column\" data-e-type=\"column\">\n\t\t\t<div class=\"elementor-widget-wrap elementor-element-populated\">\n\t\t\t\t\t\t<div class=\"elementor-element elementor-element-1b21d29 elementor-widget elementor-widget-text-editor\" data-id=\"1b21d29\" data-element_type=\"widget\" data-e-type=\"widget\" data-widget_type=\"text-editor.default\">\n\t\t\t\t<div class=\"elementor-widget-container\">\n\t\t\t\t\t\t\t\t\t<p><span style=\"font-family: Arial;\"><span style=\"font-size: xx-large;\">Impressum<\/span><br \/>gem. \u00a75 TMG und \u00a755 RStV<\/span><\/p><p><span style=\"font-family: Arial;\"><strong>Name des Vereins:<\/strong> Blasorchester Altenburg e.V.<\/span><\/p><p><strong><span style=\"font-family: Arial;\">Anschrift:<\/span><\/strong><\/p><p><span style=\"font-family: Arial;\">Mozartstra\u00dfe 17<br \/>04600 Altenburg<br \/>vorsitz(at)BlasorchesterAltenburg.de<\/span><\/p><p><strong><span style=\"font-family: Arial;\">Probenzeit:<\/span><\/strong><\/p><p><span style=\"font-family: Arial;\">in der Schulzeit<br \/>Freitags von 18.00-20.30 Uhr<br \/>Hospitalplatz 6<br \/>04600 Altenburg<\/span><\/p><p><strong><span style=\"font-family: Arial;\">Eintragung als Verein:<\/span><\/strong> <span style=\"font-family: Arial;\">VR 330 AG Altenburg<\/span><\/p><p><strong><span style=\"font-family: Arial;\">vertretungsberechtigte Vorstandsmitglieder:<\/span><\/strong><\/p><p><span style=\"font-family: Arial;\"><strong>Vorstandsvorsitzende:<\/strong> Kristin Militzer <br \/><\/span><\/p><p><span style=\"font-family: Arial;\">vorsitz(at)BlasorchesterAltenburg.de<br \/><\/span><\/p><p><strong><span style=\"font-family: Arial;\">stellvertretende Vorsitzende<\/span>:<\/strong><\/p><p><span style=\"font-family: Arial;\">Christin Baumg\u00e4rtel<\/span><\/p><p><span style=\"font-family: Arial;\">stellver(at)BlasorchesterAltenburg.de<\/span><\/p><p><strong><span style=\"font-family: Arial;\">Schatzmeisterin:<\/span><\/strong><\/p><p><span style=\"font-family: Arial;\">Corinna Klein<br \/><\/span><\/p><p><span style=\"font-family: Arial;\">schatz(at)BlasorchesterAltenburg.de<\/span><\/p><p><strong><span style=\"font-family: Arial;\">Finanzamt<\/span>:<\/strong><\/p><p><span style=\"font-family: Arial;\">Finanzamt Altenburg<\/span><\/p><p><strong><span style=\"font-family: Arial;\">Beauftrager gem. \u00a7 55 (2) RStV<\/span>:<\/strong><\/p><p><span style=\"font-family: Arial;\">Kristin Militzer<br \/>webmaster(at)BlasorchesterAltenburg.de<\/span><\/p><p><strong><span style=\"font-family: Arial;\">Haftungsbeschr\u00e4nkung<\/span>:<\/strong><\/p><p><span style=\"font-family: Arial;\"><span style=\"font-size: small;\">Diese Website enth\u00e4lt Links zu anderen Websiten. Bei diesen externen Links \u00fcbernehmen wir keine Haftung f\u00fcr die Inhalte der Seiten. F\u00fcr den Inhalt der verlinkten Seiten sind ausschlie\u00dflich deren Betreiber verantwortlich. Die Nutzung der auf dieser Webseite zur Verf\u00fcgung gestellten Inhalte und die Nutzung verlinkter Seiten erfolgt auf alleinige Gefahr des Nutzers. Wir sind nicht verantwortlich f\u00fcr m\u00f6gliche Sch\u00e4den (insbesondere Datenverlust).<\/span><\/span><\/p><p><span style=\"font-family: Arial;\"><strong>Copyright:<\/strong><\/span><\/p><p><span style=\"font-family: Arial;\"> <span style=\"font-size: small;\">Der Inhalt dieser Webseiten ist urheberrechtlich gesch\u00fctzt. Alle Abbildungen, Fotos und Texte auf der Webseite sind Eigentum des Vereins und d\u00fcrfen nicht ohne Genehmigung \u00fcbernommen, vervielf\u00e4ltigt, verbreitet oder in irgendeiner Form auf Datentr\u00e4gern oder anderen Medien gespeichert oder genutzt werden. Die \u00dcbernahme und Nutzung der Daten bedarf der schriftlichen Zustimmung.<\/span><br \/><\/span><\/p><p><strong><span style=\"font-family: Arial;\">personenbezogene Daten<\/span>:<\/strong><\/p><p><span style=\"font-family: Arial;\"><span style=\"font-size: small;\">Personenbezogene Daten (z. B. Name, Anschrift, E-Mail-Adresse), die Sie uns bekannt geben, verwenden wir ausschlie\u00dflich, um auf Ihre Anfrage zu reagieren. Dazu kann es n\u00f6tig sein, dass wir ihre personenbezogenen Daten speichern. Wir werden Ihre personenbezogenen Daten nicht an Dritte verkaufen, weitergeben oder anderweitig nutzen.<br \/>Sie haben jederzeit das Recht, Ihre Einwilligung zur Datenspeicherung \/ Datenverwendung teilweise oder vollst\u00e4ndig zu widerrufen. In diesem Fall werden wir Ihre pers\u00f6nlichen Daten l\u00f6schen. Schicken Sie in solchem Fall einfach eine E-Mail an uns.<\/span><\/span><\/p><p><strong><span style=\"font-family: Arial;\">rechtlicher Hinweis<\/span>:<\/strong><\/p><p><span style=\"font-family: Arial;\"><span style=\"font-size: small;\">Der Betreiber der Homepage \u00fcbernimmt keine Haftung oder Garantie f\u00fcr die Richtigkeit und Vollst\u00e4ndigkeit der auf dieser Website bereitgestellten Informationen und beh\u00e4lt sich das Recht vor, ohne vorherige Ank\u00fcndigung \u00c4nderungen oder Erg\u00e4nzungen der bereitgestellten Informationen vorzunehmen. Er haftet nicht f\u00fcr direkte oder indirekte Sch\u00e4den, einschlie\u00dflich entgangenen Gewinns, die in Verbindung mit auf dieser Website enthaltenen Informationen entstehen k\u00f6nnten.<br \/>Er \u00fcbernimmt ferner keine Haftung f\u00fcr die Inhalte anderer Webseiten, die \u00fcber Hyperlinks vom Angebot der Website aus besucht werden k\u00f6nnen. Hierbei handelt es sich um fremde Angebote, auf deren inhaltliche Gestaltung kein Einfluss besteht. Diese Hyperlinks sind eine Serviceleistung des Homepagebetreibers, der f\u00fcr die Inhalte jedoch nicht verantwortlich ist.<br \/>Sollten Sie Kenntnis von rechtswidrigen Inhalten von Websites anderer Anbieter erhalten, die Sie \u00fcber unser Angebot per Hyperlink besuchen k\u00f6nnen, bitten wir um einen Hinweis, damit wir den Verweis auf das entsprechende Angebot aufheben k\u00f6nnen.<\/span><\/span><\/p>\t\t\t\t\t\t\t\t<\/div>\n\t\t\t\t<\/div>\n\t\t\t\t\t<\/div>\n\t\t<\/div>\n\t\t\t\t\t<\/div>\n\t\t<\/section>\n\t\t\t\t<\/div>\n\t\t","protected":false},"excerpt":{"rendered":"<p>Impressum Impressumgem. \u00a75 TMG und \u00a755 RStV Name des Vereins: Blasorchester Altenburg e.V. Anschrift: Mozartstra\u00dfe 1704600 Altenburgvorsitz(at)BlasorchesterAltenburg.de Probenzeit: in der SchulzeitFreitags von 18.00-20.30 UhrHospitalplatz 604600 Altenburg Eintragung als Verein: VR 330 AG Altenburg vertretungsberechtigte Vorstandsmitglieder: Vorstandsvorsitzende: Kristin Militzer vorsitz(at)BlasorchesterAltenburg.de stellvertretende Vorsitzende: Christin Baumg\u00e4rtel stellver(at)BlasorchesterAltenburg.de Schatzmeisterin: Corinna Klein schatz(at)BlasorchesterAltenburg.de Finanzamt: Finanzamt Altenburg Beauftrager gem. \u00a7 55&hellip;&nbsp;<a href=\"https:\/\/blasorchesteraltenburg.de\/index.php\/impressum\" class=\"\" rel=\"bookmark\">Weiterlesen &raquo;<span class=\"screen-reader-text\">Impressum<\/span><\/a><\/p>\n","protected":false},"author":2,"featured_media":0,"parent":0,"menu_order":0,"comment_status":"closed","ping_status":"closed","template":"page-templates\/template-pagebuilder-full-width.php","meta":{"neve_meta_sidebar":"","neve_meta_container":"","neve_meta_enable_content_width":"off","neve_meta_content_width":0,"neve_meta_title_alignment":"","neve_meta_author_avatar":"","neve_post_elements_order":"","neve_meta_disable_header":"","neve_meta_disable_footer":"","neve_meta_disable_title":"","_glsr_average":0,"_glsr_ranking":0,"_glsr_reviews":0,"footnotes":""},"class_list":["post-140","page","type-page","status-publish","hentry"],"_links":{"self":[{"href":"https:\/\/blasorchesteraltenburg.de\/index.php\/wp-json\/wp\/v2\/pages\/140","targetHints":{"allow":["GET"]}}],"collection":[{"href":"https:\/\/blasorchesteraltenburg.de\/index.php\/wp-json\/wp\/v2\/pages"}],"about":[{"href":"https:\/\/blasorchesteraltenburg.de\/index.php\/wp-json\/wp\/v2\/types\/page"}],"author":[{"embeddable":true,"href":"https:\/\/blasorchesteraltenburg.de\/index.php\/wp-json\/wp\/v2\/users\/2"}],"replies":[{"embeddable":true,"href":"https:\/\/blasorchesteraltenburg.de\/index.php\/wp-json\/wp\/v2\/comments?post=140"}],"version-history":[{"count":6,"href":"https:\/\/blasorchesteraltenburg.de\/index.php\/wp-json\/wp\/v2\/pages\/140\/revisions"}],"predecessor-version":[{"id":414,"href":"https:\/\/blasorchesteraltenburg.de\/index.php\/wp-json\/wp\/v2\/pages\/140\/revisions\/414"}],"wp:attachment":[{"href":"https:\/\/blasorchesteraltenburg.de\/index.php\/wp-json\/wp\/v2\/media?parent=140"}],"curies":[{"name":"wp","href":"https:\/\/api.w.org\/{rel}","templated":true}]}}