{"id":2,"date":"2020-06-14T13:55:23","date_gmt":"2020-06-14T11:55:23","guid":{"rendered":"http:\/\/192.168.178.48\/wordpress\/?page_id=2"},"modified":"2026-04-19T19:18:16","modified_gmt":"2026-04-19T17:18:16","slug":"beispiel-seite","status":"publish","type":"page","link":"https:\/\/blasorchesteraltenburg.de\/index.php\/beispiel-seite","title":{"rendered":"Unser Verein"},"content":{"rendered":"\t\t<div data-elementor-type=\"wp-page\" data-elementor-id=\"2\" class=\"elementor elementor-2\">\n\t\t\t\t\t\t<section class=\"elementor-section elementor-top-section elementor-element elementor-element-3f124a0d elementor-section-full_width elementor-section-height-default elementor-section-height-default\" data-id=\"3f124a0d\" data-element_type=\"section\" data-e-type=\"section\">\n\t\t\t\t\t\t<div class=\"elementor-container elementor-column-gap-default\">\n\t\t\t\t\t<div class=\"elementor-column elementor-col-100 elementor-top-column elementor-element elementor-element-11b68f74\" data-id=\"11b68f74\" data-element_type=\"column\" data-e-type=\"column\">\n\t\t\t<div class=\"elementor-widget-wrap elementor-element-populated\">\n\t\t\t\t\t\t<div class=\"elementor-element elementor-element-782dc5f2 elementor-widget elementor-widget-text-editor\" data-id=\"782dc5f2\" data-element_type=\"widget\" data-e-type=\"widget\" data-widget_type=\"text-editor.default\">\n\t\t\t\t<div class=\"elementor-widget-container\">\n\t\t\t\t\t\t\t\t\t<p class=\"has-text-align-left\">Als im Herbst 1991 nach vielen Wirren unser Orchester aufgel\u00f6st oder an andere Orchester unserer Umgebung angeschlossen werden sollte, entschlossen sich unsere Musiker, ihre Eigenst\u00e4ndigkeit nicht aufzugeben und in die &#8222;Selbst\u00e4ndigkeit&#8220; zu gehen.<\/p>\n<p><!-- \/wp:paragraph --><!-- wp:paragraph {\"align\":\"left\"} --><\/p>\n<p class=\"has-text-align-left\">Wir gr\u00fcndeten 1992 den Verein Kinder- und Jugendblasorchester Altenburg. <br \/>Seit dieser Zeit ist es unser Ziel, die Tradition unseres Orchesters zu erhalten. Und obwohl wir v\u00f6llig unerfahren in dieser Richtung waren, gelang es, uns zwar langsam aber stetig qualitativ und quantitativ zu verbessern.<\/p>\n<p><!-- \/wp:paragraph --><!-- wp:paragraph --><\/p>\n<p><strong>Unsere Nachwuchsarbeit<\/strong><\/p>\n<p><!-- \/wp:paragraph --><!-- wp:paragraph {\"align\":\"left\"} --><\/p>\n<p class=\"has-text-align-left\">Die Hauptaufgabe unseres Vereins ist die Erhaltung des Blasorchester Altenburg. Dies versuchen wir vor allem durch eine gr\u00fcndliche und umfangreiche Nachwuchsausbildung zu erreichen. Musikinteressierte Kinder und Jugendliche erlernen im Einzelunterricht durch qualifizierte Musiker ein Holzblas-, Blechblas- oder Schlaginstrument. Vertieft werden diese praktischen Erfahrungen durch eine umfangreiche theoretische Ausbildung. Nach einer gr\u00fcndlichen Schulung des Musikers an seinem Instrument kann er sein musikalisches Wissen durch die Mitarbeit im Orchester erweitern. Da wir Mitglied im Blasmusikverband Th\u00fcringen e.V. und in der Bl\u00e4serjugend Th\u00fcringen e.V. sind, besteht auch bei uns die M\u00f6glichkeit, entsprechende Pr\u00fcfungen f\u00fcr in Deutschland anerkannte Qualifikationen als Musiker abzulegen. Der H\u00f6hepunkt ist in jedem Jahr unser Probelager, das wir in verschiedenen Jugendherbergen oder Landschulheimen Deutschlands durchf\u00fchren. In diesen gibt es ein interessantes, abwechslungsreiches Angebot an Freizeitveranstaltungen, die vor allem darauf hinarbeiten, neue Mitglieder in das Orchester einzubinden und den Zusammenhalt und die Kameradschaft der Vereinsmitglieder zu festigen.<br \/>Neben all diesem und einer umfangreichen Auftritts- und Probent\u00e4tigkeit versuchen wir in jedem Jahr auch eigene Projekte zu organisieren. So ist z.B. unser Jahresabschlu\u00dfkonzert in der restaurierten Aula des Friedrichgymnasiums zu einer beliebten Tradition geworden.<\/p>\n<p><!-- \/wp:paragraph --><!-- wp:quote --><\/p>\n<blockquote class=\"wp-block-quote\">\n<p><strong>Haben wir Ihr Interesse geweckt?<\/strong><\/p>\n<p>Wenn Sie an <a href=\"https:\/\/blasorchesteraltenburg.de\/index.php\/kontakt\" rel=\"noreferrer noopener\" aria-label=\" (\u00f6ffnet in neuem Tab)\">Auftritten<\/a> unseres Orchesters interessiert sind oder Ihr Kind ein Blasinstrument oder Schlagzeug erlernen m\u00f6chte, stehen wir Ihnen zur Beratung gern zur Verf\u00fcgung. Kommen Sie einfach zu einer unserer Proben oder schreiben Sie uns. Wir werden uns dann so schnell wie m\u00f6glich bei Ihnen melden. Oder wollen Sie vielleicht <a href=\"https:\/\/blasorchesteraltenburg.de\/index.php\/kontakt\" rel=\"noreferrer noopener\">Mitglied<\/a> bei uns werden? Dazu bestehen bei uns folgende zwei M\u00f6glichkeiten.<\/p>\n<p>Als aktives Mitglied m\u00fcssen Sie ein Instrument im Orchester spielen oder dies bei uns erlernen. Weiterhin k\u00f6nnen Sie unseren Verein als F\u00f6rdermitglied unterst\u00fctzen.<\/p>\n<\/blockquote>\n<p><!-- \/wp:quote --><!-- wp:paragraph --><\/p>\n<p><strong>Wollen Sie uns helfen?<\/strong><\/p>\n<p><!-- \/wp:paragraph --><!-- wp:paragraph --><\/p>\n<p>Wir w\u00fcrden uns \u00fcber jede Art Ihrer Unterst\u00fctzung freuen, sei es nun zu einzelnen Projekten oder sogar als dauerhafter Sponsor. <br \/>Nat\u00fcrlich sind wir auch f\u00fcr jede Spende dankbar. Sollten Sie Interesse daran haben, so setzen Sie sich mit uns in <a href=\"https:\/\/blasorchesteraltenburg.de\/index.php\/kontakt\" rel=\"noreferrer noopener\">Verbindung<\/a> und wir lassen Ihnen alle n\u00f6tigen Informationen zukommen.<\/p>\n<p><!-- \/wp:paragraph --><\/p>\t\t\t\t\t\t\t\t<\/div>\n\t\t\t\t<\/div>\n\t\t\t\t\t<\/div>\n\t\t<\/div>\n\t\t\t\t\t<\/div>\n\t\t<\/section>\n\t\t\t\t<\/div>\n\t\t","protected":false},"excerpt":{"rendered":"<p>Als im Herbst 1991 nach vielen Wirren unser Orchester aufgel\u00f6st oder an andere Orchester unserer Umgebung angeschlossen werden sollte, entschlossen sich unsere Musiker, ihre Eigenst\u00e4ndigkeit nicht aufzugeben und in die &#8222;Selbst\u00e4ndigkeit&#8220; zu gehen. Wir gr\u00fcndeten 1992 den Verein Kinder- und Jugendblasorchester Altenburg. Seit dieser Zeit ist es unser Ziel, die Tradition unseres Orchesters zu erhalten.&hellip;&nbsp;<a href=\"https:\/\/blasorchesteraltenburg.de\/index.php\/beispiel-seite\" class=\"\" rel=\"bookmark\">Weiterlesen &raquo;<span class=\"screen-reader-text\">Unser Verein<\/span><\/a><\/p>\n","protected":false},"author":2,"featured_media":0,"parent":0,"menu_order":0,"comment_status":"closed","ping_status":"open","template":"","meta":{"neve_meta_sidebar":"","neve_meta_container":"","neve_meta_enable_content_width":"off","neve_meta_content_width":0,"neve_meta_title_alignment":"","neve_meta_author_avatar":"","neve_post_elements_order":"","neve_meta_disable_header":"","neve_meta_disable_footer":"","neve_meta_disable_title":"","_glsr_average":0,"_glsr_ranking":0,"_glsr_reviews":0,"footnotes":""},"class_list":["post-2","page","type-page","status-publish","hentry"],"_links":{"self":[{"href":"https:\/\/blasorchesteraltenburg.de\/index.php\/wp-json\/wp\/v2\/pages\/2","targetHints":{"allow":["GET"]}}],"collection":[{"href":"https:\/\/blasorchesteraltenburg.de\/index.php\/wp-json\/wp\/v2\/pages"}],"about":[{"href":"https:\/\/blasorchesteraltenburg.de\/index.php\/wp-json\/wp\/v2\/types\/page"}],"author":[{"embeddable":true,"href":"https:\/\/blasorchesteraltenburg.de\/index.php\/wp-json\/wp\/v2\/users\/2"}],"replies":[{"embeddable":true,"href":"https:\/\/blasorchesteraltenburg.de\/index.php\/wp-json\/wp\/v2\/comments?post=2"}],"version-history":[{"count":19,"href":"https:\/\/blasorchesteraltenburg.de\/index.php\/wp-json\/wp\/v2\/pages\/2\/revisions"}],"predecessor-version":[{"id":501,"href":"https:\/\/blasorchesteraltenburg.de\/index.php\/wp-json\/wp\/v2\/pages\/2\/revisions\/501"}],"wp:attachment":[{"href":"https:\/\/blasorchesteraltenburg.de\/index.php\/wp-json\/wp\/v2\/media?parent=2"}],"curies":[{"name":"wp","href":"https:\/\/api.w.org\/{rel}","templated":true}]}}