{"id":28,"date":"2019-07-26T10:32:44","date_gmt":"2019-07-26T10:32:44","guid":{"rendered":"https:\/\/demosites.io\/amadeus\/?page_id=5"},"modified":"2026-04-19T19:15:27","modified_gmt":"2026-04-19T17:15:27","slug":"a3611-amadeus-home","status":"publish","type":"page","link":"https:\/\/blasorchesteraltenburg.de\/","title":{"rendered":"Home"},"content":{"rendered":"\t\t<div data-elementor-type=\"wp-post\" data-elementor-id=\"28\" class=\"elementor elementor-28\">\n\t\t\t\t\t\t<section class=\"elementor-section elementor-top-section elementor-element elementor-element-ed38219 elementor-section-boxed elementor-section-height-default elementor-section-height-default\" data-id=\"ed38219\" data-element_type=\"section\" data-e-type=\"section\">\n\t\t\t\t\t\t<div class=\"elementor-container elementor-column-gap-default\">\n\t\t\t\t\t<div class=\"elementor-column elementor-col-100 elementor-top-column elementor-element elementor-element-7f57f05\" data-id=\"7f57f05\" data-element_type=\"column\" data-e-type=\"column\">\n\t\t\t<div class=\"elementor-widget-wrap elementor-element-populated\">\n\t\t\t\t\t\t<div class=\"elementor-element elementor-element-da18eb7 elementor-widget elementor-widget-heading\" data-id=\"da18eb7\" data-element_type=\"widget\" data-e-type=\"widget\" data-widget_type=\"heading.default\">\n\t\t\t\t<div class=\"elementor-widget-container\">\n\t\t\t\t\t<h2 class=\"elementor-heading-title elementor-size-default\">Herzlich Willkommen beim Blasorchester Altenburg e.V.<\/h2>\t\t\t\t<\/div>\n\t\t\t\t<\/div>\n\t\t\t\t<div class=\"elementor-element elementor-element-5603694 elementor-pagination-position-outside elementor-widget elementor-widget-image-carousel\" data-id=\"5603694\" data-element_type=\"widget\" data-e-type=\"widget\" data-settings=\"{&quot;slides_to_show&quot;:&quot;4&quot;,&quot;slides_to_scroll&quot;:&quot;1&quot;,&quot;pause_on_hover&quot;:&quot;no&quot;,&quot;pause_on_interaction&quot;:&quot;no&quot;,&quot;navigation&quot;:&quot;dots&quot;,&quot;autoplay&quot;:&quot;yes&quot;,&quot;autoplay_speed&quot;:5000,&quot;infinite&quot;:&quot;yes&quot;,&quot;speed&quot;:500}\" data-widget_type=\"image-carousel.default\">\n\t\t\t\t<div class=\"elementor-widget-container\">\n\t\t\t\t\t\t\t<div class=\"elementor-image-carousel-wrapper swiper\" role=\"region\" aria-roledescription=\"carousel\" aria-label=\"Bild Karussell\" dir=\"ltr\">\n\t\t\t<div class=\"elementor-image-carousel swiper-wrapper\" aria-live=\"off\">\n\t\t\t\t\t\t\t\t<div class=\"swiper-slide\" role=\"group\" aria-roledescription=\"slide\" aria-label=\"1 von 7\"><figure class=\"swiper-slide-inner\"><img decoding=\"async\" class=\"swiper-slide-image\" src=\"https:\/\/blasorchesteraltenburg.de\/wp-content\/uploads\/2020\/07\/Auftritt-BOA-u.-COS-Br\u00fcderkirche-2018-8-300x200.jpg\" alt=\"Auftritt BOA u. COS Br\u00fcderkirche 2018 (8)\" \/><\/figure><\/div><div class=\"swiper-slide\" role=\"group\" aria-roledescription=\"slide\" aria-label=\"2 von 7\"><figure class=\"swiper-slide-inner\"><img decoding=\"async\" class=\"swiper-slide-image\" src=\"https:\/\/blasorchesteraltenburg.de\/wp-content\/uploads\/2020\/07\/Fr\u00fchjahreskonzert-Mrz-2019-4-300x200.jpg\" alt=\"Fr\u00fchjahreskonzert Mrz 2019 (4)\" \/><\/figure><\/div><div class=\"swiper-slide\" role=\"group\" aria-roledescription=\"slide\" aria-label=\"3 von 7\"><figure class=\"swiper-slide-inner\"><img decoding=\"async\" class=\"swiper-slide-image\" src=\"https:\/\/blasorchesteraltenburg.de\/wp-content\/uploads\/2020\/07\/Auftritt-BOA-u.-COS-Br\u00fcderkirche-2018-2-300x200.jpg\" alt=\"Auftritt BOA u. COS Br\u00fcderkirche 2018 (2)\" \/><\/figure><\/div><div class=\"swiper-slide\" role=\"group\" aria-roledescription=\"slide\" aria-label=\"4 von 7\"><figure class=\"swiper-slide-inner\"><img decoding=\"async\" class=\"swiper-slide-image\" src=\"https:\/\/blasorchesteraltenburg.de\/wp-content\/uploads\/2020\/07\/Jubil\u00e4um-50-Jahre-2016-4-300x200.jpg\" alt=\"Jubil\u00e4um 50 Jahre 2016 (4)\" \/><\/figure><\/div><div class=\"swiper-slide\" role=\"group\" aria-roledescription=\"slide\" aria-label=\"5 von 7\"><figure class=\"swiper-slide-inner\"><img decoding=\"async\" class=\"swiper-slide-image\" src=\"https:\/\/blasorchesteraltenburg.de\/wp-content\/uploads\/2020\/07\/Fr\u00fchjahreskonzert-Mrz-2019-13-300x200.jpg\" alt=\"Fr\u00fchjahreskonzert Mrz 2019 (13)\" \/><\/figure><\/div><div class=\"swiper-slide\" role=\"group\" aria-roledescription=\"slide\" aria-label=\"6 von 7\"><figure class=\"swiper-slide-inner\"><img decoding=\"async\" class=\"swiper-slide-image\" src=\"https:\/\/blasorchesteraltenburg.de\/wp-content\/uploads\/2020\/07\/Fr\u00fchjahreskonzert-Mrz-2019-14-300x200.jpg\" alt=\"Fr\u00fchjahreskonzert Mrz 2019 (14)\" \/><\/figure><\/div><div class=\"swiper-slide\" role=\"group\" aria-roledescription=\"slide\" aria-label=\"7 von 7\"><figure class=\"swiper-slide-inner\"><img decoding=\"async\" class=\"swiper-slide-image\" src=\"https:\/\/blasorchesteraltenburg.de\/wp-content\/uploads\/2020\/07\/Auftritt-BOA-u.-COS-Br\u00fcderkirche-2018-19-300x200.jpg\" alt=\"Auftritt BOA u. COS Br\u00fcderkirche 2018 (19)\" \/><\/figure><\/div>\t\t\t<\/div>\n\t\t\t\t\t\t\t\n\t\t\t\t\t\t\t\t\t<div class=\"swiper-pagination\"><\/div>\n\t\t\t\t\t\t\t\t\t<\/div>\n\t\t\t\t\t\t<\/div>\n\t\t\t\t<\/div>\n\t\t\t\t<div class=\"elementor-element elementor-element-9c469f1 elementor-widget__width-initial elementor-widget elementor-widget-image\" data-id=\"9c469f1\" data-element_type=\"widget\" data-e-type=\"widget\" data-widget_type=\"image.default\">\n\t\t\t\t<div class=\"elementor-widget-container\">\n\t\t\t\t\t\t\t\t\t\t\t\t\t\t\t<img fetchpriority=\"high\" decoding=\"async\" width=\"768\" height=\"1145\" src=\"https:\/\/blasorchesteraltenburg.de\/wp-content\/uploads\/2026\/04\/Gemini_Generated_Image_veiz9dveiz9dveiz-768x1145.png\" class=\"attachment-medium_large size-medium_large wp-image-486\" alt=\"\" srcset=\"https:\/\/blasorchesteraltenburg.de\/wp-content\/uploads\/2026\/04\/Gemini_Generated_Image_veiz9dveiz9dveiz-768x1145.png 768w, https:\/\/blasorchesteraltenburg.de\/wp-content\/uploads\/2026\/04\/Gemini_Generated_Image_veiz9dveiz9dveiz-201x300.png 201w, https:\/\/blasorchesteraltenburg.de\/wp-content\/uploads\/2026\/04\/Gemini_Generated_Image_veiz9dveiz9dveiz-687x1024.png 687w, https:\/\/blasorchesteraltenburg.de\/wp-content\/uploads\/2026\/04\/Gemini_Generated_Image_veiz9dveiz9dveiz.png 848w\" sizes=\"(max-width: 768px) 100vw, 768px\" \/>\t\t\t\t\t\t\t\t\t\t\t\t\t\t\t<\/div>\n\t\t\t\t<\/div>\n\t\t\t\t<div class=\"elementor-element elementor-element-42e6f61 elementor-widget elementor-widget-text-editor\" data-id=\"42e6f61\" data-element_type=\"widget\" data-e-type=\"widget\" data-widget_type=\"text-editor.default\">\n\t\t\t\t<div class=\"elementor-widget-container\">\n\t\t\t\t\t\t\t\t\t<p style=\"text-align: center;\">Das Blasorchester Altenburg sucht ehemalige Musiker zum Jubil\u00e4um<br \/>In diesem Jahr feiert das Blasorchester Altenburg e.V. sein 60-j\u00e4hriges Bestehen &#8211; ein<br \/>besonderes Jubil\u00e4um. Sie m\u00f6chten diesen Anlass nutzen, um Vergangenheit und Gegenwart<br \/>auf klangvolle Weise miteinander zu verbinden. Deshalb ruft das Orchester alle ehemaligen<br \/>Musikerinnen und Musiker dazu auf, sich zu melden und Teil der Feierlichkeiten zu werden.<br \/>Seit seiner Gr\u00fcndung pr\u00e4gt das Blasorchester das kulturelle Leben in Altenburg und<br \/>Umgebung ma\u00dfgeblich mit. Ob bei Stadtfesten, Konzerten oder besonderen H\u00f6hepunkten im<br \/>Jahreskalender \u2013 die Musikerinnen und Musiker haben \u00fcber Jahrzehnte hinweg mit<br \/>Engagement, Leidenschaft und Gemeinschaftssinn das Publikum begeistert. Viele<br \/>Freundschaften sind entstanden, unz\u00e4hlige Proben und Auftritte haben Generationen von<br \/>Musikern miteinander verbunden.<br \/>Zum Jubil\u00e4um plant das Orchester am 07.11.2026 ein besonderes Konzert im Festsaal der<br \/>Brauerei Altenburg. Geplant ist ein abwechslungsreiches Programm mit klassischen Melodien,<br \/>moderner Blasmusik und beliebten St\u00fccken aus vergangenen Jahren.<br \/>Ehemalige Musikerinnen und Musiker \u2013 ganz gleich, ob sie vor wenigen Jahren oder vor<br \/>Jahrzehnten aktiv waren \u2013 sind herzlich eingeladen, Kontakt aufzunehmen. Auch wer nicht<br \/>mehr aktiv zum Instrument greifen m\u00f6chte, ist willkommen, um alte Weggef\u00e4hrten<br \/>wiederzutreffen und gemeinsam Erinnerungen auszutauschen.<br \/>Mit dem Aufruf verbindet das Blasorchester Altenburg die Hoffnung, m\u00f6glichst viele bekannte<br \/>Gesichter wiederzusehen und das Jubil\u00e4um zu einem Fest der Generationen zu machen.<br \/>Denn eines steht fest: Die Geschichte des Orchesters lebt von den Menschen, die sie<br \/>geschrieben haben \u2013 und genau diese sollen beim Jubil\u00e4um im Mittelpunkt stehen.<br \/>Unsere Kontaktdaten: <a href=\"mailto:jubi@BlasorchesterAltenburg.de\">jubi@BlasorchesterAltenburg.de<\/a><br \/>0178\/2302095<br \/>Mozartstra\u00dfe 17, 04600 Altenburg<\/p>\t\t\t\t\t\t\t\t<\/div>\n\t\t\t\t<\/div>\n\t\t\t\t<div class=\"elementor-element elementor-element-00163c6 elementor-widget elementor-widget-heading\" data-id=\"00163c6\" data-element_type=\"widget\" data-e-type=\"widget\" data-widget_type=\"heading.default\">\n\t\t\t\t<div class=\"elementor-widget-container\">\n\t\t\t\t\t<h2 class=\"elementor-heading-title elementor-size-default\">\"Musik ist die Sprache, die wir alle verstehen\"<\/h2>\t\t\t\t<\/div>\n\t\t\t\t<\/div>\n\t\t\t\t<div class=\"elementor-element elementor-element-f1cadc4 elementor-widget elementor-widget-text-editor\" data-id=\"f1cadc4\" data-element_type=\"widget\" data-e-type=\"widget\" data-widget_type=\"text-editor.default\">\n\t\t\t\t<div class=\"elementor-widget-container\">\n\t\t\t\t\t\t\t\t\t<p style=\"text-align: center;\">\u00a0Lassen Sie sich von unserer musikalischen Vielfalt inspirieren, welche f\u00fcr die verschiedensten Anl\u00e4sse geeignet sind. Unser Blasorchester besteht aktuell aus 24 aktiven Mitgliedern. St\u00f6bern Sie ein bisschen zu den verschiedenen Informationen auf unserer Seite und vielleicht konnten wir ja auch Ihr Interesse wecken uns als neues Mitglied zu unterst\u00fctzen. Wir freuen uns auf Ihre <a href=\"https:\/\/blasorchesteraltenburg.de\/index.php\/kontakt\"><span style=\"text-decoration: underline;\"><span style=\"color: #ff0000; text-decoration: underline;\">Anfrage<\/span><\/span><\/a>.<\/p>\t\t\t\t\t\t\t\t<\/div>\n\t\t\t\t<\/div>\n\t\t\t\t<section class=\"elementor-section elementor-inner-section elementor-element elementor-element-7fc1298 elementor-section-boxed elementor-section-height-default elementor-section-height-default\" data-id=\"7fc1298\" data-element_type=\"section\" data-e-type=\"section\">\n\t\t\t\t\t\t<div class=\"elementor-container elementor-column-gap-default\">\n\t\t\t\t\t<div class=\"elementor-column elementor-col-100 elementor-inner-column elementor-element elementor-element-745f33f\" data-id=\"745f33f\" data-element_type=\"column\" data-e-type=\"column\">\n\t\t\t<div class=\"elementor-widget-wrap\">\n\t\t\t\t\t\t\t<\/div>\n\t\t<\/div>\n\t\t\t\t\t<\/div>\n\t\t<\/section>\n\t\t\t\t<div class=\"elementor-element elementor-element-60f1c8d elementor-shape-circle elementor-grid-0 e-grid-align-center elementor-widget elementor-widget-social-icons\" data-id=\"60f1c8d\" data-element_type=\"widget\" data-e-type=\"widget\" data-widget_type=\"social-icons.default\">\n\t\t\t\t<div class=\"elementor-widget-container\">\n\t\t\t\t\t\t\t<div class=\"elementor-social-icons-wrapper elementor-grid\">\n\t\t\t\t\t\t\t<span class=\"elementor-grid-item\">\n\t\t\t\t\t<a class=\"elementor-icon elementor-social-icon elementor-social-icon-instagram elementor-repeater-item-3b1644b\" href=\"https:\/\/instagram.com\/blasorchester.altenburg?igshid=NTc4MTIwNjQ2YQ==\" target=\"_blank\">\n\t\t\t\t\t\t<span class=\"elementor-screen-only\">Instagram<\/span>\n\t\t\t\t\t\t<i aria-hidden=\"true\" class=\"fab fa-instagram\"><\/i>\t\t\t\t\t<\/a>\n\t\t\t\t<\/span>\n\t\t\t\t\t<\/div>\n\t\t\t\t\t\t<\/div>\n\t\t\t\t<\/div>\n\t\t\t\t\t<\/div>\n\t\t<\/div>\n\t\t\t\t\t<\/div>\n\t\t<\/section>\n\t\t\t\t<section class=\"elementor-section elementor-top-section elementor-element elementor-element-7532c6f elementor-section-boxed elementor-section-height-default elementor-section-height-default\" data-id=\"7532c6f\" data-element_type=\"section\" data-e-type=\"section\">\n\t\t\t\t\t\t<div class=\"elementor-container elementor-column-gap-default\">\n\t\t\t\t\t<div class=\"elementor-column elementor-col-100 elementor-top-column elementor-element elementor-element-20d88d1\" data-id=\"20d88d1\" data-element_type=\"column\" data-e-type=\"column\">\n\t\t\t<div class=\"elementor-widget-wrap\">\n\t\t\t\t\t\t\t<\/div>\n\t\t<\/div>\n\t\t\t\t\t<\/div>\n\t\t<\/section>\n\t\t\t\t<\/div>\n\t\t","protected":false},"excerpt":{"rendered":"<p>Herzlich Willkommen beim Blasorchester Altenburg e.V. Das Blasorchester Altenburg sucht ehemalige Musiker zum Jubil\u00e4umIn diesem Jahr feiert das Blasorchester Altenburg e.V. sein 60-j\u00e4hriges Bestehen &#8211; einbesonderes Jubil\u00e4um. Sie m\u00f6chten diesen Anlass nutzen, um Vergangenheit und Gegenwartauf klangvolle Weise miteinander zu verbinden. Deshalb ruft das Orchester alle ehemaligenMusikerinnen und Musiker dazu auf, sich zu melden und&hellip;&nbsp;<a href=\"https:\/\/blasorchesteraltenburg.de\/\" class=\"\" rel=\"bookmark\">Weiterlesen &raquo;<span class=\"screen-reader-text\">Home<\/span><\/a><\/p>\n","protected":false},"author":2,"featured_media":0,"parent":0,"menu_order":0,"comment_status":"closed","ping_status":"closed","template":"page-templates\/template-pagebuilder-full-width.php","meta":{"neve_meta_sidebar":"","neve_meta_container":"","neve_meta_enable_content_width":"off","neve_meta_content_width":0,"neve_meta_title_alignment":"","neve_meta_author_avatar":"","neve_post_elements_order":"","neve_meta_disable_header":"","neve_meta_disable_footer":"","neve_meta_disable_title":"","_glsr_average":0,"_glsr_ranking":0,"_glsr_reviews":0,"footnotes":""},"class_list":["post-28","page","type-page","status-publish","hentry"],"_links":{"self":[{"href":"https:\/\/blasorchesteraltenburg.de\/index.php\/wp-json\/wp\/v2\/pages\/28","targetHints":{"allow":["GET"]}}],"collection":[{"href":"https:\/\/blasorchesteraltenburg.de\/index.php\/wp-json\/wp\/v2\/pages"}],"about":[{"href":"https:\/\/blasorchesteraltenburg.de\/index.php\/wp-json\/wp\/v2\/types\/page"}],"author":[{"embeddable":true,"href":"https:\/\/blasorchesteraltenburg.de\/index.php\/wp-json\/wp\/v2\/users\/2"}],"replies":[{"embeddable":true,"href":"https:\/\/blasorchesteraltenburg.de\/index.php\/wp-json\/wp\/v2\/comments?post=28"}],"version-history":[{"count":67,"href":"https:\/\/blasorchesteraltenburg.de\/index.php\/wp-json\/wp\/v2\/pages\/28\/revisions"}],"predecessor-version":[{"id":497,"href":"https:\/\/blasorchesteraltenburg.de\/index.php\/wp-json\/wp\/v2\/pages\/28\/revisions\/497"}],"wp:attachment":[{"href":"https:\/\/blasorchesteraltenburg.de\/index.php\/wp-json\/wp\/v2\/media?parent=28"}],"curies":[{"name":"wp","href":"https:\/\/api.w.org\/{rel}","templated":true}]}}