{"id":312,"date":"2020-06-18T21:32:39","date_gmt":"2020-06-18T19:32:39","guid":{"rendered":"http:\/\/192.168.178.48\/wordpress\/?page_id=312"},"modified":"2020-06-18T21:50:57","modified_gmt":"2020-06-18T19:50:57","slug":"gebuehrenordnung","status":"publish","type":"page","link":"https:\/\/blasorchesteraltenburg.de\/index.php\/gebuehrenordnung","title":{"rendered":"Geb\u00fchrenordnung"},"content":{"rendered":"\t\t<div data-elementor-type=\"wp-page\" data-elementor-id=\"312\" class=\"elementor elementor-312\">\n\t\t\t\t\t\t<section class=\"elementor-section elementor-top-section elementor-element elementor-element-6b176b0 elementor-section-boxed elementor-section-height-default elementor-section-height-default\" data-id=\"6b176b0\" data-element_type=\"section\" data-e-type=\"section\">\n\t\t\t\t\t\t<div class=\"elementor-container elementor-column-gap-default\">\n\t\t\t\t\t<div class=\"elementor-column elementor-col-100 elementor-top-column elementor-element elementor-element-03bbcea\" data-id=\"03bbcea\" data-element_type=\"column\" data-e-type=\"column\">\n\t\t\t<div class=\"elementor-widget-wrap elementor-element-populated\">\n\t\t\t\t\t\t<section class=\"elementor-section elementor-inner-section elementor-element elementor-element-17e5b98 elementor-section-boxed elementor-section-height-default elementor-section-height-default\" data-id=\"17e5b98\" data-element_type=\"section\" data-e-type=\"section\">\n\t\t\t\t\t\t<div class=\"elementor-container elementor-column-gap-default\">\n\t\t\t\t\t<div class=\"elementor-column elementor-col-50 elementor-inner-column elementor-element elementor-element-6967017\" data-id=\"6967017\" data-element_type=\"column\" data-e-type=\"column\">\n\t\t\t<div class=\"elementor-widget-wrap elementor-element-populated\">\n\t\t\t\t\t\t<div class=\"elementor-element elementor-element-f076e88 elementor-widget elementor-widget-image\" data-id=\"f076e88\" data-element_type=\"widget\" data-e-type=\"widget\" data-widget_type=\"image.default\">\n\t\t\t\t<div class=\"elementor-widget-container\">\n\t\t\t\t\t\t\t\t\t\t\t\t\t\t\t<img fetchpriority=\"high\" decoding=\"async\" width=\"303\" height=\"299\" src=\"https:\/\/blasorchesteraltenburg.de\/wp-content\/uploads\/2020\/06\/Logo-orchesterrund-transp.png\" class=\"attachment-large size-large wp-image-135\" alt=\"\" srcset=\"https:\/\/blasorchesteraltenburg.de\/wp-content\/uploads\/2020\/06\/Logo-orchesterrund-transp.png 303w, https:\/\/blasorchesteraltenburg.de\/wp-content\/uploads\/2020\/06\/Logo-orchesterrund-transp-300x296.png 300w\" sizes=\"(max-width: 303px) 100vw, 303px\" \/>\t\t\t\t\t\t\t\t\t\t\t\t\t\t\t<\/div>\n\t\t\t\t<\/div>\n\t\t\t\t\t<\/div>\n\t\t<\/div>\n\t\t\t\t<div class=\"elementor-column elementor-col-50 elementor-inner-column elementor-element elementor-element-991de32\" data-id=\"991de32\" data-element_type=\"column\" data-e-type=\"column\">\n\t\t\t<div class=\"elementor-widget-wrap elementor-element-populated\">\n\t\t\t\t\t\t<div class=\"elementor-element elementor-element-7eeaa67 elementor-widget elementor-widget-text-editor\" data-id=\"7eeaa67\" data-element_type=\"widget\" data-e-type=\"widget\" data-widget_type=\"text-editor.default\">\n\t\t\t\t<div class=\"elementor-widget-container\">\n\t\t\t\t\t\t\t\t\t<table border=\"0\" width=\"90%\"><tbody><tr><td colspan=\"3\"><span style=\"font-size: large;\"><u>Mitgliedsbeitr\u00e4ge:<\/u><\/span><\/td><\/tr><tr><td colspan=\"3\">F\u00f6rdermitglieder<\/td><\/tr><tr><td width=\"10%\">\u00a0<\/td><td width=\"60%\">Sockelbeitrag<\/td><td width=\"30%\">\u00a0\u00a05,00 Euro pro Monat<\/td><\/tr><tr><td colspan=\"2\" width=\"70%\">Sch\u00fcler<\/td><td width=\"30%\">\u00a0\u00a07,50 Euro pro Monat<\/td><\/tr><tr><td colspan=\"2\" width=\"70%\">Studenten, Auszubildende, Arbeitslose, Wehr- und Zivildienstleistende<\/td><td width=\"30%\">\u00a0\u00a08,00 Euro pro Monat<\/td><\/tr><tr><td colspan=\"2\" width=\"70%\">Arbeiter, Angestellte<\/td><td width=\"30%\">15,00 Euro pro Monat<\/td><\/tr><tr><td colspan=\"2\" width=\"70%\">Unterrichtsgeb\u00fchr<\/td><td width=\"30%\">25,00 Euro pro Monat<\/td><\/tr><tr><td colspan=\"2\" width=\"70%\">Leihgeb\u00fchr f\u00fcr Instrumente<\/td><td width=\"30%\">\u00a0\u00a05,00 Euro pro Monat<\/td><\/tr><\/tbody><\/table><p>Jedes zweite und weitere Mitglied einer Familie ohne eigenes Einkommen zahlt nur 50% des Mitgliedsbeitrages.<br \/>Jedes 3. und weitere Mitglied einer Familie ohne eigenes Einkommen zahlt nur 50% aller Zahlungen.<br \/>\u00a0<br \/>\u00a0<br \/>In sozialen H\u00e4rtef\u00e4llen entscheidet der Vorstand auf Antrag gesondert \u00fcber die H\u00f6he der Beitr\u00e4ge.<br \/>\u00a0<br \/>Leistungen:<br \/>Der Verein tr\u00e4gt bis auf den oben angef\u00fchrten Eigenanteil die Kosten des Einzelunterrichts und der Orchesterproben. Bei Unterrichtsausfall aufgrund unentschuldigten Fehlens des Sch\u00fclers m\u00fcssen die entstandenen Unkosten (10,50 Euro pro Unterrichtsstunde) an den Sch\u00fcler weitergegeben werden.<br \/>Entschuldigungen bzw. Terminverlegungen m\u00fcssen bis 1 Kalendertag vor dem vereinbarten Termin erfolgen.<br \/>\u00a0<br \/>Mahngeb\u00fchren<br \/>Ger\u00e4t ein Mitglied in Zahlungsverzug, so erinnert der Vorstand 3 Monate nach dem letzten bezahlten Monat schriftlich an die finanziellen Verpflichtungen und l\u00e4dt zu einem kl\u00e4renden Gespr\u00e4ch ein. Bei einem weiteren Zahlungsverzug von 1 Monat erfolgt eine weitere geb\u00fchrenpflichtige Mahnung mit einer letzten Zahlungsfrist von 14 Tagen. Danach erfolgt die Streichung von der Mitgliederliste.<br \/>Geb\u00fchrenpflichtige Mahnungen erfolgen durch einen eingeschriebenen Brief. Die Mahngeb\u00fchr betr\u00e4gt jeweils 5,00 Euro.<br \/>\u00a0<br \/>Letzte \u00c4nderung durch die Vollversammlung am 11.01.2002<\/p>\t\t\t\t\t\t\t\t<\/div>\n\t\t\t\t<\/div>\n\t\t\t\t\t<\/div>\n\t\t<\/div>\n\t\t\t\t\t<\/div>\n\t\t<\/section>\n\t\t\t\t\t<\/div>\n\t\t<\/div>\n\t\t\t\t\t<\/div>\n\t\t<\/section>\n\t\t\t\t<\/div>\n\t\t","protected":false},"excerpt":{"rendered":"<p>Mitgliedsbeitr\u00e4ge: F\u00f6rdermitglieder \u00a0 Sockelbeitrag \u00a0\u00a05,00 Euro pro Monat Sch\u00fcler \u00a0\u00a07,50 Euro pro Monat Studenten, Auszubildende, Arbeitslose, Wehr- und Zivildienstleistende \u00a0\u00a08,00 Euro pro Monat Arbeiter, Angestellte 15,00 Euro pro Monat Unterrichtsgeb\u00fchr 25,00 Euro pro Monat Leihgeb\u00fchr f\u00fcr Instrumente \u00a0\u00a05,00 Euro pro Monat Jedes zweite und weitere Mitglied einer Familie ohne eigenes Einkommen zahlt nur 50% des&hellip;&nbsp;<a href=\"https:\/\/blasorchesteraltenburg.de\/index.php\/gebuehrenordnung\" class=\"\" rel=\"bookmark\">Weiterlesen &raquo;<span class=\"screen-reader-text\">Geb\u00fchrenordnung<\/span><\/a><\/p>\n","protected":false},"author":2,"featured_media":0,"parent":0,"menu_order":0,"comment_status":"closed","ping_status":"closed","template":"page-templates\/template-pagebuilder-full-width.php","meta":{"neve_meta_sidebar":"","neve_meta_container":"","neve_meta_enable_content_width":"off","neve_meta_content_width":0,"neve_meta_title_alignment":"","neve_meta_author_avatar":"","neve_post_elements_order":"","neve_meta_disable_header":"","neve_meta_disable_footer":"","neve_meta_disable_title":"","_glsr_average":0,"_glsr_ranking":0,"_glsr_reviews":0,"footnotes":""},"class_list":["post-312","page","type-page","status-publish","hentry"],"_links":{"self":[{"href":"https:\/\/blasorchesteraltenburg.de\/index.php\/wp-json\/wp\/v2\/pages\/312","targetHints":{"allow":["GET"]}}],"collection":[{"href":"https:\/\/blasorchesteraltenburg.de\/index.php\/wp-json\/wp\/v2\/pages"}],"about":[{"href":"https:\/\/blasorchesteraltenburg.de\/index.php\/wp-json\/wp\/v2\/types\/page"}],"author":[{"embeddable":true,"href":"https:\/\/blasorchesteraltenburg.de\/index.php\/wp-json\/wp\/v2\/users\/2"}],"replies":[{"embeddable":true,"href":"https:\/\/blasorchesteraltenburg.de\/index.php\/wp-json\/wp\/v2\/comments?post=312"}],"version-history":[{"count":3,"href":"https:\/\/blasorchesteraltenburg.de\/index.php\/wp-json\/wp\/v2\/pages\/312\/revisions"}],"predecessor-version":[{"id":333,"href":"https:\/\/blasorchesteraltenburg.de\/index.php\/wp-json\/wp\/v2\/pages\/312\/revisions\/333"}],"wp:attachment":[{"href":"https:\/\/blasorchesteraltenburg.de\/index.php\/wp-json\/wp\/v2\/media?parent=312"}],"curies":[{"name":"wp","href":"https:\/\/api.w.org\/{rel}","templated":true}]}}