{"id":321,"date":"2020-06-18T21:39:36","date_gmt":"2020-06-18T19:39:36","guid":{"rendered":"http:\/\/192.168.178.48\/wordpress\/?page_id=321"},"modified":"2020-06-18T21:46:13","modified_gmt":"2020-06-18T19:46:13","slug":"satzung-des-blasorchester-altenburg-e-v","status":"publish","type":"page","link":"https:\/\/blasorchesteraltenburg.de\/index.php\/satzung-des-blasorchester-altenburg-e-v","title":{"rendered":"Satzung des Blasorchester Altenburg e.V."},"content":{"rendered":"\t\t<div data-elementor-type=\"wp-page\" data-elementor-id=\"321\" class=\"elementor elementor-321\">\n\t\t\t\t\t\t<section class=\"elementor-section elementor-top-section elementor-element elementor-element-a7b3971 elementor-section-boxed elementor-section-height-default elementor-section-height-default\" data-id=\"a7b3971\" data-element_type=\"section\" data-e-type=\"section\">\n\t\t\t\t\t\t<div class=\"elementor-container elementor-column-gap-default\">\n\t\t\t\t\t<div class=\"elementor-column elementor-col-100 elementor-top-column elementor-element elementor-element-59455df\" data-id=\"59455df\" data-element_type=\"column\" data-e-type=\"column\">\n\t\t\t<div class=\"elementor-widget-wrap elementor-element-populated\">\n\t\t\t\t\t\t<section class=\"elementor-section elementor-inner-section elementor-element elementor-element-8b9921a elementor-section-boxed elementor-section-height-default elementor-section-height-default\" data-id=\"8b9921a\" data-element_type=\"section\" data-e-type=\"section\">\n\t\t\t\t\t\t<div class=\"elementor-container elementor-column-gap-default\">\n\t\t\t\t\t<div class=\"elementor-column elementor-col-50 elementor-inner-column elementor-element elementor-element-d3e34e6\" data-id=\"d3e34e6\" data-element_type=\"column\" data-e-type=\"column\">\n\t\t\t<div class=\"elementor-widget-wrap elementor-element-populated\">\n\t\t\t\t\t\t<div class=\"elementor-element elementor-element-6b1b268 elementor-widget elementor-widget-image\" data-id=\"6b1b268\" data-element_type=\"widget\" data-e-type=\"widget\" data-widget_type=\"image.default\">\n\t\t\t\t<div class=\"elementor-widget-container\">\n\t\t\t\t\t\t\t\t\t\t\t\t\t\t\t<img fetchpriority=\"high\" decoding=\"async\" width=\"303\" height=\"299\" src=\"https:\/\/blasorchesteraltenburg.de\/wp-content\/uploads\/2020\/06\/Logo-orchesterrund-transp.png\" class=\"attachment-large size-large wp-image-135\" alt=\"\" srcset=\"https:\/\/blasorchesteraltenburg.de\/wp-content\/uploads\/2020\/06\/Logo-orchesterrund-transp.png 303w, https:\/\/blasorchesteraltenburg.de\/wp-content\/uploads\/2020\/06\/Logo-orchesterrund-transp-300x296.png 300w\" sizes=\"(max-width: 303px) 100vw, 303px\" \/>\t\t\t\t\t\t\t\t\t\t\t\t\t\t\t<\/div>\n\t\t\t\t<\/div>\n\t\t\t\t\t<\/div>\n\t\t<\/div>\n\t\t\t\t<div class=\"elementor-column elementor-col-50 elementor-inner-column elementor-element elementor-element-b99135c\" data-id=\"b99135c\" data-element_type=\"column\" data-e-type=\"column\">\n\t\t\t<div class=\"elementor-widget-wrap elementor-element-populated\">\n\t\t\t\t\t\t<div class=\"elementor-element elementor-element-2a9e852 elementor-widget elementor-widget-text-editor\" data-id=\"2a9e852\" data-element_type=\"widget\" data-e-type=\"widget\" data-widget_type=\"text-editor.default\">\n\t\t\t\t<div class=\"elementor-widget-container\">\n\t\t\t\t\t\t\t\t\t<p>In den offiziellen Schriften des Vereins gelten grammatisch maskuline Personenbezeichnungen gleicherma\u00dfen f\u00fcr Personen weiblichen und m\u00e4nnlichen Geschlechts.<br \/>\u00a0<br \/>\u00a71<br \/>\u00a0<br \/>Name, Rechtsordnung uns Sitz<br \/>\u00a0<br \/>(1)<br \/>Der Verein f\u00fchrt den Namen &#8222;Blasorchester Altenburg e.V.&#8220;<br \/>\u00a0<br \/>(2)<br \/>Das Blasorchester Altenburg e.V. ist eine freiwillige Vereinigung von Laienmusikern sowie nat\u00fcrlichen und juristischen Personen, die auf dem Gebiet der Blasmusik aktiv und f\u00f6rdernd t\u00e4tig sind.<br \/>\u00a0<br \/>(3)<br \/>Das Blasorchester Altenburg e.V. ist als rechtsf\u00e4higer Verein registriert.<br \/>\u00a0<br \/>(4)<br \/>Sitz und Gerichtsstand des Vereins ist Altenburg.<br \/>\u00a0<br \/>(5)<br \/>Das Gesch\u00e4ftsjahr ist das Kalenderjahr.<br \/>\u00a0<br \/>(6)<br \/>Der Verein verfolgt ausschlie\u00dflich und unmittelbar gemeinn\u00fctzige Zwecke im Sinne des Abschnittes &#8222;Steuerbeg\u00fcnstigte Zwecke&#8220; der Abgabenordnung.<br \/>\u00a0<br \/>\u00a72<br \/>\u00a0<br \/>Zweck und Ziel<br \/>\u00a0<br \/>Das Blasorchester Altenburg e.V. hat folgende Aufgaben:<br \/>\u00a0<br \/>(1)<br \/>Die Blasmusik zu f\u00f6rdern und ihre humanistischen Traditionen zu erhalten, zu pflegen und weiterzuentwickeln.<br \/>\u00a0<br \/>(2)<br \/>Es ist Interessenvertreter seiner Mitglieder gegen\u00fcber dem Staat und der Gesellschaft.<br \/>\u00a0<br \/>(3)<br \/>Es vertritt die Souver\u00e4nit\u00e4t seiner Vereinigung auf nationaler und internationaler Ebene.<br \/>\u00a0<br \/>(4)<br \/>\u00d6ffentlichkeitsarbeit \u00fcber die Medien auf Landes- und Bundesebene.<br \/>\u00a0<br \/>\u00a73<br \/>\u00a0<br \/>Grunds\u00e4tze der Arbeit<br \/>\u00a0<br \/>(1)<br \/>Das Blasorchester Altenburg e.V. ist parteipolitisch und weltanschaulich neutral. Es wird nach freiheitlich demokratischen Prinzipien auf der Grundlage der Verfassung gef\u00fchrt.<br \/>\u00a0<br \/>(2)<br \/>Das Blasorchester Altenburg e.V. handelt aus der \u00dcberzeugung, da\u00df die Blasmusik ein wichtiges Mittel zur kulturellen Identifikation der Mitglieder ist. F\u00fcr Pflege und F\u00f6rderung der Blasmusik in der \u00d6ffentlichkeit Verst\u00e4ndnis und Mitarbeit zu erwirken, ist sein st\u00e4ndiges Bem\u00fchen.<br \/>\u00a0<br \/>(3)<br \/>Der Verein ist selbstlos t\u00e4tig, er verfolgt nicht in erster Linie eigenwirtschaftliche Zwecke.<br \/>\u00a0<br \/>\u00a74<br \/>\u00a0<br \/>Gemeinn\u00fctzigkeit<br \/>\u00a0<br \/>(1)<br \/>Das Blasorchester Altenburg e.V. verfolgt ausschlie\u00dflich gemeinn\u00fctzige Zwecke.<br \/>\u00a0<br \/>(2)<br \/>Einnahmen d\u00fcrfen nur f\u00fcr Zwecke, die dem Verband im Sinne der Satzung dienen, verwendet werden.Die Mitglieder erhalten keine Zuwendungen aus Mitteln des Vereins.Es darf keine Person durch Verwaltungsausgaben, die dem Zweck des Vereins fremd sind, oder durch unverh\u00e4ltnism\u00e4\u00dfig hohe Verg\u00fctung beg\u00fcnstigt werden.<br \/>\u00a0<br \/>(3)<br \/>Bei Aufl\u00f6sung oder Aufhebung oder Wegfall des bisherigen Zwecks, f\u00e4llt das Vereinsverm\u00f6gen an das Kulturamt der Stadt Altenburg, das es unmittelbar und ausschlie\u00dflich f\u00fcr gemeinn\u00fctzige Zwecke im Sinne der Satzung zu verwenden hat.<br \/>\u00a0<br \/>\u00a75<br \/>\u00a0<br \/>Mitgliedschaft<br \/>\u00a0<br \/>(1)<br \/>Das Blasorchester Altenburg e.V. ist offen f\u00fcr alle Personen, die sich aktiv und f\u00f6rdernd mit bl\u00e4serischer Musik besch\u00e4ftigen.<br \/>\u00a0<br \/>(2)<br \/>Voraussetzung f\u00fcr den Erwerb der Mitgliedschaft ist ein schriftlicher Aufnahmeantrag, \u00fcber den der Vorstand entscheidet. Er ist nicht verpflichtet, bei Ablehnung des Antrags dem Antragsteller die Gr\u00fcnde mitzuteilen. Bei Angabe der Gr\u00fcnde kann der Antragsteller gegen die Ablehnung seiner Aufnahme in den Verein innerhalb von zwei Wochen Einspruch einlegen, \u00fcber den die Vollversammlung entscheidet.<br \/>\u00a0<br \/>(3)<br \/>Die Mitgliedschaft endet durch Tod, Streichung von der Mitgliederliste, Ausschlu\u00df oder Austritt aus dem Verein.<br \/>Ein Mitglied kann von der Mitgliederliste gestrichen werden, wenn es mit der Zahlung von Mitgliedsbeitr\u00e4gen trotz zweimaliger schriftlicher Mahnung im R\u00fcckstand ist. Die Streichung beschlie\u00dft der Vorstand und teilt sie dem betroffenen Mitglied mit.<br \/>Den Ausschlu\u00df eines Mitgliedes beschlie\u00dft der Vorstand in dem ihm hierf\u00fcr geeignet scheinenden F\u00e4llen. Das betroffene Mitglied wird dazu vorher zu einer Aussprache mit dem Vorstand geladen. Gegen den Ausschlu\u00df kann innerhalb von 14 Tagen schriftlich beim Vorstand Einspruch erhoben werden, \u00fcber den die Vollversammlung entscheidet. Die Vollversammlung ist dazu innerhalb von 4 Wochen einzuberufen. Erst der Beschlu\u00df der Vollversammlung kann den Ausschlu\u00df des Mitgliedes aufheben. Dem betroffenen Mitglied wird vor der Beschlu\u00dffassung Gelegenheit zur Stellungnahme gegeben.<br \/>\u00a0<br \/>(4)<br \/>Der Austritt aus dem Verein erfolgt durch schriftliche Erkl\u00e4rung gegen\u00fcber des Vorstand zum Ende des Quartals.<br \/>\u00a0<br \/>(5)<br \/>Aktive Mitglieder sind nat\u00fcrliche Personen, die durch spielen eines Instrumentes im Orchester mitwirken.<br \/>F\u00f6rdernde Mitglieder sind nat\u00fcrliche und juristische Personen, die die Aufgaben des Vereins ideell, personell, finanziell und materiell zu f\u00f6rdern sich verpflichten.<br \/>\u00a0<br \/>(6)<br \/>Ehrenmitglieder k\u00f6nnen Personen sein, die sich um die Entwicklung der Blasmusik verdient gemacht haben. Sie werden vom Vereinsvorstand vorgeschlagen und best\u00e4tigt.<br \/>\u00a0<br \/>\u00a76<br \/>\u00a0<br \/>Pflichten und Rechte der Mitglieder<br \/>\u00a0<br \/>(1)<br \/>Alle Mitglieder sind verpflichtet, die Ziele und Aufgaben des Blasorchester Altenburg e.V. in der \u00d6ffentlichkeit zu unterst\u00fctzen, sowie die Beschl\u00fcsse der Organe des Vereins zu beachten.<br \/>\u00a0<br \/>(2)<br \/>Aktive und f\u00f6rdernde Mitglieder entrichten den von der Vollversammlung beschlossenen Beitrag. Dar\u00fcber hinaus helfen sie durch Spenden oder pers\u00f6nliche Engagement Ma\u00dfnahmen des Vereins durchzusetzen.<br \/>\u00a0<br \/>(3)<br \/>Ehrenmitglieder sind von Pflichtbeitr\u00e4gen befreit.<br \/>\u00a0<br \/>(4)<br \/>Alle Mitglieder haben das Recht:an der Vollversammlung und an Veranstaltungen des Vereins teilzunehmen und Antr\u00e4ge zu stellen<br \/>sich kostenlos von den zust\u00e4ndigen Organen des Blasorchesters Altenburg e.V. in satzungsm\u00e4\u00dfigen Angelegenheiten beraten zu lassen<br \/>Ehrungen und Auszeichnungen f\u00fcr verdiente Pers\u00f6nlichkeiten zu beantragen, die durch das Blasorchester Altenburg e.V. verliehen werden sollen.<br \/>Ehrungen und Auszeichnungen sind in einer Ordnung des Vereins festgelegt und werden durch die Vollversammlung beschlossen.<br \/>\u00a0<br \/>\u00a77<br \/>\u00a0<br \/>Organe des Vereins<br \/>\u00a0<br \/>\u00a0<br \/>Vollversammlung<br \/>Vorstand<br \/>\u00a0<br \/>\u00a78<br \/>\u00a0<br \/>Die Vollversammlung<br \/>\u00a0<br \/>(1)<br \/>Die Vollversammlung besteht aus:den aktiven und f\u00f6rdernden Mitgliedern<br \/>dem Vorstand<br \/>\u00a0<br \/>(2)<br \/>Die Vollversammlung findet 1 x im Jahr statt.<br \/>Der Vorstand kann aus wichtigen Gr\u00fcnden eine au\u00dferordentliche Vollversammlung einberufen. Desweiteren ist eine au\u00dferordentliche Vollversammlung einzuberufen, wenn \u00fcber ein Drittel der Mitglieder diese unter Angabe der Tagesordnung schriftlich beantragen.<br \/>\u00a0<br \/>(3)<br \/>Der Vorstand beruft die Vollversammlung durch schriftliche Benachrichtigung der Mitglieder unter Angabe der Tagesordnung und des Ortes mindestens 2 Wochen vor dem Tagungsbeginn ein. Jedes Mitglied kann bis sp\u00e4testens eine Woche vor der Vollversammlung beim Vorstand schriftliche Erg\u00e4nzungen der Tagesordnung beantragen.Zur Vollversammlung sind Ehrenmitglieder einzuladen.<br \/>\u00a0<br \/>(4)<br \/>Jedes Mitglied hat eine Stimme.<br \/>Zur Aus\u00fcbung der Stimme kann ein Mitglied schriftlich bevollm\u00e4chtigt werden, es darf aber nicht mehr als drei fremde Stimmen vertreten.<br \/>\u00a0<br \/>(5)<br \/>Die Vollversammlung ist oberstes Organ des Vereins und beschlie\u00dft \u00fcber grunds\u00e4tzliche Angelegenheiten.<br \/>Zu den Aufgaben geh\u00f6ren:Wahl des Vorsitzenden, des stellvertretenden Vorsitzenden, des Schatzmeisters, des Schriftf\u00fchrers, der zwei Kassenpr\u00fcfer und des Orchestervertreters<br \/>Entgegennahme von Berichten des Vorstandes<br \/>Genehmigung der Haushaltsf\u00fchrung und Billigung der Grunds\u00e4tze k\u00fcnftiger Haushaltsf\u00fchrung<br \/>Entlastung des Vorstandes \u00fcber die einj\u00e4hrige Haushaltsf\u00fchrung<br \/>Festsetzung der Mitgliedsbeitr\u00e4ge<br \/>Best\u00e4tigung der Auszeichnungen<br \/>\u00c4nderung der Satzung<br \/>Entscheidung \u00fcber Einspruch gegen Ausschlu\u00df eines Mitglieds.<br \/>\u00a0<br \/>(6)<br \/>\u00dcber die Beschl\u00fcsse der Vollversammlung ist ein Protokoll aufzunehmen, das von dem jeweiligen Schriftf\u00fchrer und vom jeweiligen Vorsitzenden zu unterzeichnen ist.<br \/>\u00a0<br \/>\u00a79<br \/>\u00a0<br \/>Stimmrecht<br \/>\u00a0<br \/>(1)<br \/>Jedes aktive und f\u00f6rdernde Mitglied hat ein Stimmrecht in der Vollversammlung.<br \/>\u00a0<br \/>(2)<br \/>Ehrenmitglieder nehmen beratend, aber ohne Stimmrecht, an der Vollversammlung teil.<br \/>\u00a0<br \/>(3)<br \/>Die Vollversammlung ist in jedem Fall beschlu\u00dff\u00e4hig.<br \/>Zu den anwesenden Stimmen: auf Verlangen mindestens der H\u00e4lfte der anwesenden Stimmberechtigten kann eine 2\/3 &#8211; Mehrheit eingef\u00fchrt werden.<br \/>Die Stimmabgabe erfolgt offen, auf Antrag mindestens der H\u00e4lfte der anwesenden Stimmberechtigten, geheim. Stimmenthaltung gilt als nicht abgegebene Stimme.Tritt w\u00e4hrend einer Abstimmung Stimmengleichheit auf, so entscheidet die Stimme des Versammlungsleiters.<br \/>\u00a0<br \/>(4)<br \/>Beschl\u00fcsse der Satzungs\u00e4nderung oder Aufl\u00f6sung des Vereins bed\u00fcrfen der \u00be &#8211; Mehrheit der anwesenden Stimmberechtigten.<br \/>\u00a0<br \/>(5)<br \/>F\u00fcr das Wahlverfahren kann die Vollversammlung eine besondere Wahlordnung beschlie\u00dfen.<br \/>\u00a0<br \/>(6)<br \/>Zur Aus\u00fcbung des Stimmrechts kann ein Mitglied schriftlich bevollm\u00e4chtigt werden, es darf aber nicht mehr als drei fremde Stimmen vertreten. Dabei ist Stimmrechtsbindung durch den Vollmachtgeber und dadurch gespaltene Stimmabgabe zul\u00e4ssig.<br \/>\u00a0<br \/>\u00a710<br \/>\u00a0<br \/>Vorstand<br \/>\u00a0<br \/>(1)<br \/>Der Vorstand besteht aus:Vorsitzender<br \/>stellvertretender Vorsitzender<br \/>Schatzmeister<br \/>Schriftf\u00fchrer<br \/>zwei Kassenpr\u00fcfer<br \/>Orchestervertreter<br \/>\u00a0<br \/>(2)<br \/>Der Vorstand ist f\u00fcr alle Angelegenheiten des Vereins zust\u00e4ndig, soweit sie nicht durch die Satzung einem anderen Organ des Vereins \u00fcbertragen sind. Der Verein wird durch den Vorsitzenden, den stv. Vorsitzenden oder den Schatzmeister alleine vertreten. Sie sind Vorstand im Sinne von \u00a7 26 BGB.<br \/>\u00a0<br \/>(3)<br \/>Der Vorstand wird von der Vollversammlung vorgeschlagen und von dieser f\u00fcr die Dauer von zwei Jahr gew\u00e4hlt.<br \/>Wiederwahl ist zul\u00e4ssig.<br \/>Der Vorstand bleibt bis zur Neuwahl eines neuen Vorstandes im Amt. Dabei hat der Vorstand Sorge zu tragen, da\u00df rechtzeitig ein neuer Vorstand gew\u00e4hlt werden kann.Es k\u00f6nnen nur stimmberechtigte Vereinsmitglieder in den Vorstand gew\u00e4hlt werden.<br \/>\u00a0<br \/>(4)<br \/>Der Vorstand ist beschlu\u00dff\u00e4hig, wenn mindestens 5 Mitglieder anwesend sind. Die Beschl\u00fcsse werden mit einfacher Stimmenmehrheit in vereins\u00f6ffentlichen Vorstandssitzungen gefa\u00dft.Bei Stimmengleichheit ist der Antrag abgelehnt.<br \/>\u00a0<br \/>(5)<br \/>Dem Vorsitzenden obliegt in erster Linie die Einberufung und Leitung der Sitzung der Vollversammlung, des Vorstandes.Im Verhinderungsfalle vertritt der stellvertretende Vorsitzende.<br \/>\u00a0<br \/>(6)<br \/>Der Vorsitzende ist daf\u00fcr verantwortlich, da\u00df die laufenden Gesch\u00e4fte des Vereins und die Beschl\u00fcsse ihrer Organe ordnungsgem\u00e4\u00df besorgt werden.<br \/>\u00a0<br \/>(7)<br \/>Einladungen zu Sitzungen sind in der Regel schriftlich unter Angabe der Tagesordnung zuzustellen. In Eilf\u00e4llen oder Angelegenheiten minderer Bedeutung k\u00f6nnen Beschl\u00fcsse auch durch Rundfragen herbeigef\u00fchrt werden.<br \/>\u00a0<br \/>(8)<br \/>Zu den Sitzungen k\u00f6nnen von Fall zu Fall Sachverst\u00e4ndige zu Beratung hinzugezogen werden.<br \/>\u00a0<br \/>(9)<br \/>Der Vorstand ist berechtigt, jedes seiner Mitglieder bei Beendigung seines Amtes bis zu n\u00e4chsten Vollversammlung zu ersetzen.<br \/>\u00a0<br \/>(10)<br \/>Der Vorstandsvorsitzende, der stellvertretende Vorstandsvorsitzende und der Schatzmeister m\u00fcssen das 18. Lebensjahr erreicht haben.<br \/>\u00a0<br \/>\u00a711<br \/>\u00a0<br \/>Schatzmeister und Schriftf\u00fchrer<br \/>\u00a0<br \/>(1)<br \/>Die Rechnungs- und Haushaltsf\u00fchrung obliegt dem Schatzmeister. Er ist f\u00fcr die Einhaltung des Haushaltsplanes verantwortlich und hat f\u00fcr die rechtzeitige Erstellung der Haushaltspl\u00e4ne zu sorgen.Er wird durch die gew\u00e4hlten Kassenpr\u00fcfer in gewissen Abst\u00e4nden kontrolliert.<br \/>\u00a0<br \/>(2)<br \/>Die Verantwortlichkeit f\u00fcr die Protokollf\u00fchrung \u00fcber die Sitzungen der Vollversammlung, des Vorstandes obliegt dem Schriftf\u00fchrer. Die Protokolle sind vom jeweiligen Vorsitzenden und vom jeweiligen verantwortlichen Protokollf\u00fchrer, also in der Regel vom Vorsitzenden und dem Schriftf\u00fchrer zu unterzeichnen.Zu den Aufgaben des Schriftf\u00fchrers geh\u00f6rt auch die Bearbeitung der satzungsrechtlichen Angelegenheiten des Vereins.<br \/>\u00a0<br \/>\u00a712<br \/>\u00a0<br \/>Finanzierung<br \/>\u00a0<br \/>Die satzungsgem\u00e4\u00dfen Aufgaben des Blasorchester Altenburg e.V. werden finanziert:<br \/>\u00a0<br \/>\u00a0<br \/>durch Beitr\u00e4ge der Mitglieder<br \/>durch Spenden<br \/>durch \u00f6ffentliche Zuwendungen<br \/>durch Einnahmen<br \/>\u00a0<br \/>\u00a713<br \/>\u00a0<br \/>Ver\u00f6ffentlichung von Beschl\u00fcssen<br \/>\u00a0<br \/>\u00a0<br \/>Beschl\u00fcsse der Organe des Blasmusikvereins m\u00fcssen in einer f\u00fcr jedes Vereinsmitglied zug\u00e4nglichen Form ver\u00f6ffentlicht werden.<br \/>\u00a0<br \/>\u00a714<br \/>\u00a0<br \/>Aufl\u00f6sung des Vereins<br \/>\u00a0<br \/>(1)<br \/>Die Aufl\u00f6sung des Vereins kann nur in einer Vollversammlung mit einer 3\/4-Mehrheit der abgegebenen g\u00fcltigen Stimmen beschlossen werden.<br \/>\u00a0<br \/>(2)<br \/>Falls die Vollversammlung nichts anderes beschlie\u00dft, sind alle Vorstandsmitglieder gemeinsam vertretungsberechtigte Liquidatoren.<br \/>\u00a0<br \/>(3)<br \/>Das nach Beendigung der Liquidation vorhandene Verm\u00f6gen f\u00e4llt an das Kulturamt der Stadt Altenburg.<br \/>\u00a0<br \/>(4)<br \/>Die vorstehenden Bestimmungen gelten entsprechend, wenn der Verein aus einem anderen Grund aufgel\u00f6st wird oder seine Rechtsf\u00e4higkeit verliert.<br \/>\u00a0<br \/>\u00a0<br \/>letzte \u00c4nderung zur Vollversammlung am: 11.01.2002<\/p>\t\t\t\t\t\t\t\t<\/div>\n\t\t\t\t<\/div>\n\t\t\t\t\t<\/div>\n\t\t<\/div>\n\t\t\t\t\t<\/div>\n\t\t<\/section>\n\t\t\t\t\t<\/div>\n\t\t<\/div>\n\t\t\t\t\t<\/div>\n\t\t<\/section>\n\t\t\t\t<\/div>\n\t\t","protected":false},"excerpt":{"rendered":"<p>In den offiziellen Schriften des Vereins gelten grammatisch maskuline Personenbezeichnungen gleicherma\u00dfen f\u00fcr Personen weiblichen und m\u00e4nnlichen Geschlechts.\u00a0\u00a71\u00a0Name, Rechtsordnung uns Sitz\u00a0(1)Der Verein f\u00fchrt den Namen &#8222;Blasorchester Altenburg e.V.&#8220;\u00a0(2)Das Blasorchester Altenburg e.V. ist eine freiwillige Vereinigung von Laienmusikern sowie nat\u00fcrlichen und juristischen Personen, die auf dem Gebiet der Blasmusik aktiv und f\u00f6rdernd t\u00e4tig sind.\u00a0(3)Das Blasorchester Altenburg e.V.&hellip;&nbsp;<a href=\"https:\/\/blasorchesteraltenburg.de\/index.php\/satzung-des-blasorchester-altenburg-e-v\" class=\"\" rel=\"bookmark\">Weiterlesen &raquo;<span class=\"screen-reader-text\">Satzung des Blasorchester Altenburg e.V.<\/span><\/a><\/p>\n","protected":false},"author":2,"featured_media":0,"parent":0,"menu_order":0,"comment_status":"closed","ping_status":"closed","template":"page-templates\/template-pagebuilder-full-width.php","meta":{"neve_meta_sidebar":"","neve_meta_container":"","neve_meta_enable_content_width":"off","neve_meta_content_width":0,"neve_meta_title_alignment":"","neve_meta_author_avatar":"","neve_post_elements_order":"","neve_meta_disable_header":"","neve_meta_disable_footer":"","neve_meta_disable_title":"","_glsr_average":0,"_glsr_ranking":0,"_glsr_reviews":0,"footnotes":""},"class_list":["post-321","page","type-page","status-publish","hentry"],"_links":{"self":[{"href":"https:\/\/blasorchesteraltenburg.de\/index.php\/wp-json\/wp\/v2\/pages\/321","targetHints":{"allow":["GET"]}}],"collection":[{"href":"https:\/\/blasorchesteraltenburg.de\/index.php\/wp-json\/wp\/v2\/pages"}],"about":[{"href":"https:\/\/blasorchesteraltenburg.de\/index.php\/wp-json\/wp\/v2\/types\/page"}],"author":[{"embeddable":true,"href":"https:\/\/blasorchesteraltenburg.de\/index.php\/wp-json\/wp\/v2\/users\/2"}],"replies":[{"embeddable":true,"href":"https:\/\/blasorchesteraltenburg.de\/index.php\/wp-json\/wp\/v2\/comments?post=321"}],"version-history":[{"count":6,"href":"https:\/\/blasorchesteraltenburg.de\/index.php\/wp-json\/wp\/v2\/pages\/321\/revisions"}],"predecessor-version":[{"id":331,"href":"https:\/\/blasorchesteraltenburg.de\/index.php\/wp-json\/wp\/v2\/pages\/321\/revisions\/331"}],"wp:attachment":[{"href":"https:\/\/blasorchesteraltenburg.de\/index.php\/wp-json\/wp\/v2\/media?parent=321"}],"curies":[{"name":"wp","href":"https:\/\/api.w.org\/{rel}","templated":true}]}}