{"id":93,"date":"2020-06-16T21:00:55","date_gmt":"2020-06-16T19:00:55","guid":{"rendered":"http:\/\/192.168.178.48\/wordpress\/?page_id=93"},"modified":"2020-06-16T21:02:22","modified_gmt":"2020-06-16T19:02:22","slug":"unsere-geschichte-2","status":"publish","type":"page","link":"https:\/\/blasorchesteraltenburg.de\/index.php\/unsere-geschichte-2","title":{"rendered":"Unsere Geschichte"},"content":{"rendered":"\t\t<div data-elementor-type=\"wp-page\" data-elementor-id=\"93\" class=\"elementor elementor-93\">\n\t\t\t\t\t\t<section class=\"elementor-section elementor-top-section elementor-element elementor-element-017ae8e elementor-section-boxed elementor-section-height-default elementor-section-height-default\" data-id=\"017ae8e\" data-element_type=\"section\" data-e-type=\"section\">\n\t\t\t\t\t\t<div class=\"elementor-container elementor-column-gap-default\">\n\t\t\t\t\t<div class=\"elementor-column elementor-col-100 elementor-top-column elementor-element elementor-element-d218eef\" data-id=\"d218eef\" data-element_type=\"column\" data-e-type=\"column\">\n\t\t\t<div class=\"elementor-widget-wrap elementor-element-populated\">\n\t\t\t\t\t\t<div class=\"elementor-element elementor-element-4357f6e elementor-widget elementor-widget-text-editor\" data-id=\"4357f6e\" data-element_type=\"widget\" data-e-type=\"widget\" data-widget_type=\"text-editor.default\">\n\t\t\t\t<div class=\"elementor-widget-container\">\n\t\t\t\t\t\t\t\t\t<p><span style=\"font-family: Arial;\"><span style=\"font-size: medium;\">1966 gr\u00fcndete G\u00fcnther Jurowitz einen Fanfarenzug an der Martin- Luther- Oberschule Altenburg. Wenige Jahre sp\u00e4ter wurde aus dem Fanfarenzug ein Blasorchester. Dessen musikalische Leitung \u00fcbernahm anfang der 70er Jahre Klaus Fischer. Unser Klangk\u00f6rper war ein wichtiger Bestandteil des damaligen Bezirksmusikkorps Leipzig, mit dem wir an vielen wichtigen gesellschaftlichen und politischen H\u00f6hepunkten teilnehmen konnten. Aber auch alleine gestalteten wir mit unseren 80 Musikern viele historische Ereignisse mit. Klaus Fischer arrangierte viele St\u00fccke f\u00fcr das BMK Leipzig und f\u00fcr unser Orchester. Diese werden auch heute noch von uns gespielt. Mit dem Ableben von Klaus Fischer sank die Qualit\u00e4t und Quantit\u00e4t des Orchesters. Trotzdem gaben wir nicht auf. Das Orchester erhielt \u00fcber die Jahre verschiedene musikalische Leiter und wurde somit erhalten. 1991 \u00fcbernahm Matthias List die musikalische und organisatorische Leitung. Um das Repertoire zu erweitern, arrangierte er viele St\u00fccke speziell f\u00fcr die Besetzung des Orchesters. 1992 gingen wir schlie\u00dflich in die Selbstst\u00e4ndigkeit und gr\u00fcndeten den Verein &#8222;Kinder- und Jugendblasorchester Altenburg e.V.&#8220;. Kontinuierliche Arbeit steigerte die Qualit\u00e4t, so dass die Anzahl der Auftritte zunahm und wir auch wieder au\u00dferhalb Altenburgs aktiv wurden. Um alle Altersklassen anzusprechen, benannten wir uns im September 1995 in: &#8222;Blasorchester Altenburg e.V.&#8220; um. Im selben Jahr \u00fcbernahm auch Thomas Bu\u00df die musikalische Leitung. Sein musikalisches Fachwissen verbesserte die Qualit\u00e4t des Orchesters sehr. In guter Zusammenarbeit erreichten wir neue H\u00f6hepunkte und konnten so 1996 unser 30-j\u00e4hriges Bestehen feiern. Durch die Vielfalt des Repertoires konnte das Orchester jetzt wieder die verschiedensten Anl\u00e4sse, vom Platzkonzert bis zum Festumzug, gestalten. Aus beruflichen Gr\u00fcnden musste uns Thomas Bu\u00df leider im Dezember 1997 verlassen und Matthias List \u00fcbernahm die musikalische Leitung des Orchesters erneut allein. Durch weitere intensive Arbeit vergr\u00f6\u00dferten wir unser Repertoire, so dass wir im September 2001 zu unserem 35-j\u00e4hrigem Jubil\u00e4um einem enthusiastischen Publikum ein umfangreiches Programm darbieten konnten. Die Begeisterung reichte so weit, dass wir zum Neujahrsempfang des Altenburger Oberb\u00fcrgermeisters engagiert wurden. Gleichzeitig konnten wir Wolfram Tetzner, derzeitig Repetitor der Staatsoper Dresden, f\u00fcr ein Jahr zur Unterst\u00fctzung unserer musikalischen Arbeit gewinnen. Das Blasorchester besteht heute aus 30 aktiven Mitgliedern. <\/span><\/span><\/p>\t\t\t\t\t\t\t\t<\/div>\n\t\t\t\t<\/div>\n\t\t\t\t\t<\/div>\n\t\t<\/div>\n\t\t\t\t\t<\/div>\n\t\t<\/section>\n\t\t\t\t<\/div>\n\t\t","protected":false},"excerpt":{"rendered":"<p>1966 gr\u00fcndete G\u00fcnther Jurowitz einen Fanfarenzug an der Martin- Luther- Oberschule Altenburg. Wenige Jahre sp\u00e4ter wurde aus dem Fanfarenzug ein Blasorchester. Dessen musikalische Leitung \u00fcbernahm anfang der 70er Jahre Klaus Fischer. Unser Klangk\u00f6rper war ein wichtiger Bestandteil des damaligen Bezirksmusikkorps Leipzig, mit dem wir an vielen wichtigen gesellschaftlichen und politischen H\u00f6hepunkten teilnehmen konnten. Aber auch&hellip;&nbsp;<a href=\"https:\/\/blasorchesteraltenburg.de\/index.php\/unsere-geschichte-2\" class=\"\" rel=\"bookmark\">Weiterlesen &raquo;<span class=\"screen-reader-text\">Unsere Geschichte<\/span><\/a><\/p>\n","protected":false},"author":2,"featured_media":0,"parent":0,"menu_order":0,"comment_status":"closed","ping_status":"closed","template":"","meta":{"neve_meta_sidebar":"full-width","neve_meta_container":"","neve_meta_enable_content_width":"on","neve_meta_content_width":100,"neve_meta_title_alignment":"","neve_meta_author_avatar":"","neve_post_elements_order":"","neve_meta_disable_header":"","neve_meta_disable_footer":"","neve_meta_disable_title":"","_glsr_average":0,"_glsr_ranking":0,"_glsr_reviews":0,"footnotes":""},"class_list":["post-93","page","type-page","status-publish","hentry"],"_links":{"self":[{"href":"https:\/\/blasorchesteraltenburg.de\/index.php\/wp-json\/wp\/v2\/pages\/93","targetHints":{"allow":["GET"]}}],"collection":[{"href":"https:\/\/blasorchesteraltenburg.de\/index.php\/wp-json\/wp\/v2\/pages"}],"about":[{"href":"https:\/\/blasorchesteraltenburg.de\/index.php\/wp-json\/wp\/v2\/types\/page"}],"author":[{"embeddable":true,"href":"https:\/\/blasorchesteraltenburg.de\/index.php\/wp-json\/wp\/v2\/users\/2"}],"replies":[{"embeddable":true,"href":"https:\/\/blasorchesteraltenburg.de\/index.php\/wp-json\/wp\/v2\/comments?post=93"}],"version-history":[{"count":2,"href":"https:\/\/blasorchesteraltenburg.de\/index.php\/wp-json\/wp\/v2\/pages\/93\/revisions"}],"predecessor-version":[{"id":276,"href":"https:\/\/blasorchesteraltenburg.de\/index.php\/wp-json\/wp\/v2\/pages\/93\/revisions\/276"}],"wp:attachment":[{"href":"https:\/\/blasorchesteraltenburg.de\/index.php\/wp-json\/wp\/v2\/media?parent=93"}],"curies":[{"name":"wp","href":"https:\/\/api.w.org\/{rel}","templated":true}]}}