{"id":97,"date":"2020-06-14T17:26:54","date_gmt":"2020-06-14T15:26:54","guid":{"rendered":"http:\/\/192.168.178.48\/wordpress\/?page_id=97"},"modified":"2020-06-18T21:28:59","modified_gmt":"2020-06-18T19:28:59","slug":"unser-repertoire","status":"publish","type":"page","link":"https:\/\/blasorchesteraltenburg.de\/index.php\/unser-repertoire","title":{"rendered":"Unser Repertoire"},"content":{"rendered":"\t\t<div data-elementor-type=\"wp-page\" data-elementor-id=\"97\" class=\"elementor elementor-97\">\n\t\t\t\t\t\t<section class=\"elementor-section elementor-top-section elementor-element elementor-element-263e6b0 elementor-section-boxed elementor-section-height-default elementor-section-height-default\" data-id=\"263e6b0\" data-element_type=\"section\" data-e-type=\"section\">\n\t\t\t\t\t\t\t<div class=\"elementor-background-overlay\"><\/div>\n\t\t\t\t\t\t\t<div class=\"elementor-container elementor-column-gap-default\">\n\t\t\t\t\t<div class=\"elementor-column elementor-col-100 elementor-top-column elementor-element elementor-element-dfa558a\" data-id=\"dfa558a\" data-element_type=\"column\" data-e-type=\"column\">\n\t\t\t<div class=\"elementor-widget-wrap elementor-element-populated\">\n\t\t\t\t\t\t<div class=\"elementor-element elementor-element-8b03555 elementor-widget elementor-widget-heading\" data-id=\"8b03555\" data-element_type=\"widget\" data-e-type=\"widget\" data-widget_type=\"heading.default\">\n\t\t\t\t<div class=\"elementor-widget-container\">\n\t\t\t\t\t<h2 class=\"elementor-heading-title elementor-size-default\">Unser Repertoire<\/h2>\t\t\t\t<\/div>\n\t\t\t\t<\/div>\n\t\t\t\t<div class=\"elementor-element elementor-element-ae80943 elementor-widget elementor-widget-text-editor\" data-id=\"ae80943\" data-element_type=\"widget\" data-e-type=\"widget\" data-widget_type=\"text-editor.default\">\n\t\t\t\t<div class=\"elementor-widget-container\">\n\t\t\t\t\t\t\t\t\t<p>Auf dieser Seite finden Sie eine Auswahl unseres aktuellen Repertoires. <\/p><p>Haben Sie einen Titel nicht gefunden? Vielleicht spielen wir ihn aber bereits. Einfach nach Ihrem <a href=\"http:\/\/192.168.178.48\/wordpress\/kontakt\/\" rel=\"noopener\"> <span style=\"color: #0f9fff;\">Wunschtitel<\/span><\/a> fragen!<\/p>\t\t\t\t\t\t\t\t<\/div>\n\t\t\t\t<\/div>\n\t\t\t\t<section class=\"elementor-section elementor-inner-section elementor-element elementor-element-380ee2c elementor-section-boxed elementor-section-height-default elementor-section-height-default\" data-id=\"380ee2c\" data-element_type=\"section\" data-e-type=\"section\">\n\t\t\t\t\t\t<div class=\"elementor-container elementor-column-gap-default\">\n\t\t\t\t\t<div class=\"elementor-column elementor-col-50 elementor-inner-column elementor-element elementor-element-94c91ed\" data-id=\"94c91ed\" data-element_type=\"column\" data-e-type=\"column\">\n\t\t\t<div class=\"elementor-widget-wrap elementor-element-populated\">\n\t\t\t\t\t\t<div class=\"elementor-element elementor-element-ff3f15f elementor-widget elementor-widget-text-editor\" data-id=\"ff3f15f\" data-element_type=\"widget\" data-e-type=\"widget\" data-widget_type=\"text-editor.default\">\n\t\t\t\t<div class=\"elementor-widget-container\">\n\t\t\t\t\t\t\t\t\t<p><span style=\"text-decoration: underline;\"><span style=\"color: #ff0000;\"><strong>Polka<\/strong><\/span><\/span><\/p><p>Amsel- Polka<\/p><p>Fuchsgraben- Polka<\/p><p>Gablonzer Perlen<\/p><p>Pfaffst\u00e4ttner Polka<\/p><p>Sch\u00f6ne Serenade<\/p><p>Trompeten- Echo<\/p><p>Dreh Dich mein M\u00e4del<\/p>\t\t\t\t\t\t\t\t<\/div>\n\t\t\t\t<\/div>\n\t\t\t\t<div class=\"elementor-element elementor-element-f15a55e elementor-widget elementor-widget-text-editor\" data-id=\"f15a55e\" data-element_type=\"widget\" data-e-type=\"widget\" data-widget_type=\"text-editor.default\">\n\t\t\t\t<div class=\"elementor-widget-container\">\n\t\t\t\t\t\t\t\t\t<p><span style=\"text-decoration: underline; color: #ff0000;\"><strong>Filmmusik<\/strong><\/span><\/p><p>aus dem Film &#8222;Das Leben des Brain&#8220;:<\/p><p>Bright side of Life<\/p><p>aus dem gleichnamigen Film:<\/p><p>Die tollk\u00fchnen M\u00e4nner in ihren fliegenden Kisten<\/p><p>Musik zum gleichnamigen M\u00e4rchenfilm:<\/p><p>Drei Haseln\u00fcsse f\u00fcr Aschenbr\u00f6del<\/p><p>aus dem Film &#8222;Sister Act&#8220;:<\/p><p>I will follow him<\/p><p>Moment for Morricone<\/p><p>Mouse and Friends<\/p><p>mit den Titeln:<br \/>Hurra, der Pumuckl ist da!- Sindbad- L\u00f6wenzahn- Lach- und Sachgeschichten- Das Lied der Schl\u00fcmpfe- Michel aus L\u00f6nneberga- Sandmann, lieber Sandmann- Benjamin Bl\u00fcmchen- Heidi- Bugs Bunny<\/p><p>Titelmelodie der Serie<\/p><p>Muppet Show<\/p><p>aus dem Walt Disney Film &#8222;B\u00e4renbr\u00fcder&#8220;:<\/p><p>On my way<\/p><p>aus dem gleichnamigen Loriot-Film:<\/p><p>Papa ante Portas<\/p><p>Titelmelodie der gleichnamigen Fernsehserie:<\/p><p>Zur See<\/p>\t\t\t\t\t\t\t\t<\/div>\n\t\t\t\t<\/div>\n\t\t\t\t<div class=\"elementor-element elementor-element-5479928 elementor-widget elementor-widget-text-editor\" data-id=\"5479928\" data-element_type=\"widget\" data-e-type=\"widget\" data-widget_type=\"text-editor.default\">\n\t\t\t\t<div class=\"elementor-widget-container\">\n\t\t\t\t\t\t\t\t\t<p><span style=\"text-decoration: underline; color: #ff0000;\"><strong>Jazz<\/strong><\/span><\/p><p>a spiritual Day<\/p><p>mit den Titeln:<br \/>Amen- Evening prayer- my Lord what a morning<\/p><p>Big Spender<\/p><p>Gospel Time<\/p><p>In Dixie Mood<\/p><p>mit den Titeln:<br \/>Bei mir bist Du sch\u00f6n- Mr. Sandman- You are my Sunshine<\/p><p>The Entertainer<\/p><p>Tiger Rag<\/p>\t\t\t\t\t\t\t\t<\/div>\n\t\t\t\t<\/div>\n\t\t\t\t<div class=\"elementor-element elementor-element-95d3cb7 elementor-widget elementor-widget-text-editor\" data-id=\"95d3cb7\" data-element_type=\"widget\" data-e-type=\"widget\" data-widget_type=\"text-editor.default\">\n\t\t\t\t<div class=\"elementor-widget-container\">\n\t\t\t\t\t\t\t\t\t<p><span style=\"text-decoration: underline; color: #ff0000;\"><strong>Potpourri<\/strong><\/span><\/p><p>Stimmungspotpourri Teil 1<\/p><p>mit den Polkas:<br \/>Rennsteiglied- Annelise- Sch\u00fctzenliesel<\/p><p>Stimmungspotpourri Teil 5<\/p><p>mit den Walzern:<br \/>Fahr mich in die Ferne mein blonder Matrose- Sch\u00f6n ist die Liebe im Hafen- Wo die Ostseewellen<\/p><p>Stimmungspotpourri Teil 6<\/p><p>mit den Walzern:<br \/>Ach ich hab Sie ja nur auf die Schulter gek\u00fc\u00dft- Du,Du liegst mir im Herzen- Sabinchen war ein Frauenzimmer- Tulpen aus Amsterdam<\/p><p>Stimmungspotpourri Teil 8<\/p><p>mit den Walzern:<br \/>Lustig ist das Zigeunerleben- Vogelbeerbaum<\/p><p>Stimmungspotpourri Teil 9<\/p><p>mit den Walzern:<br \/>Es gibt kein Bier auf Hawai- In M\u00fcnchen steht ein Hofbr\u00e4uhaus- Kein Tropfen im Becher mehr- Wenn das Wasser im Rhein goldner Wein w\u00e4r<\/p><p>Stimmungspotpourri Teil 12<\/p><p>mit den Titeln:<br \/>Jetzt trink mer noch a Flasch\u00b9l Wein- Wenn das so weiter geht- Wir saufen das sch\u00e4umende Bier<\/p>\t\t\t\t\t\t\t\t<\/div>\n\t\t\t\t<\/div>\n\t\t\t\t<div class=\"elementor-element elementor-element-872fdcd elementor-fixed elementor-widget elementor-widget-image\" data-id=\"872fdcd\" data-element_type=\"widget\" data-e-type=\"widget\" data-settings=\"{&quot;_position&quot;:&quot;fixed&quot;}\" data-widget_type=\"image.default\">\n\t\t\t\t<div class=\"elementor-widget-container\">\n\t\t\t\t\t\t\t\t\t\t\t\t\t\t\t<img fetchpriority=\"high\" decoding=\"async\" width=\"303\" height=\"299\" src=\"https:\/\/blasorchesteraltenburg.de\/wp-content\/uploads\/2020\/06\/Logo-orchesterrund-transp.png\" class=\"attachment-large size-large wp-image-135\" alt=\"\" srcset=\"https:\/\/blasorchesteraltenburg.de\/wp-content\/uploads\/2020\/06\/Logo-orchesterrund-transp.png 303w, https:\/\/blasorchesteraltenburg.de\/wp-content\/uploads\/2020\/06\/Logo-orchesterrund-transp-300x296.png 300w\" sizes=\"(max-width: 303px) 100vw, 303px\" \/>\t\t\t\t\t\t\t\t\t\t\t\t\t\t\t<\/div>\n\t\t\t\t<\/div>\n\t\t\t\t<div class=\"elementor-element elementor-element-f2cb21d elementor-widget elementor-widget-text-editor\" data-id=\"f2cb21d\" data-element_type=\"widget\" data-e-type=\"widget\" data-widget_type=\"text-editor.default\">\n\t\t\t\t<div class=\"elementor-widget-container\">\n\t\t\t\t\t\t\t\t\t<p><span style=\"text-decoration: underline; color: #ff0000;\"><strong>Klassik<\/strong><\/span><\/p><p>Children of Europe<\/p><p>Concierto de Aranjuez<\/p><p>Habanera<\/p><p>irische Segensw\u00fcnsche<\/p><p>Logo<\/p><p>Radetzky Marsch<\/p><p>Rustichella<\/p><p>Sunny Inspiration<\/p>\t\t\t\t\t\t\t\t<\/div>\n\t\t\t\t<\/div>\n\t\t\t\t\t<\/div>\n\t\t<\/div>\n\t\t\t\t<div class=\"elementor-column elementor-col-50 elementor-inner-column elementor-element elementor-element-afbc284\" data-id=\"afbc284\" data-element_type=\"column\" data-e-type=\"column\">\n\t\t\t<div class=\"elementor-widget-wrap elementor-element-populated\">\n\t\t\t\t\t\t<div class=\"elementor-element elementor-element-cc4afcf elementor-widget elementor-widget-text-editor\" data-id=\"cc4afcf\" data-element_type=\"widget\" data-e-type=\"widget\" data-widget_type=\"text-editor.default\">\n\t\t\t\t<div class=\"elementor-widget-container\">\n\t\t\t\t\t\t\t\t\t<p><span style=\"text-decoration: underline; color: #ff0000;\"><strong>Marsch<\/strong><\/span><\/p><p>Colonel Bogey Marsch<\/p><p>Steigermarsch<\/p><p>Wanderlieder<\/p><p>mit den Liedern:<br \/>Das Wandern ist des M\u00fcllers Lust- Auf du junger Wandersmann- Es zogen auf sonnigen Wegen- Im Fr\u00fchtau zu Berge<\/p>\t\t\t\t\t\t\t\t<\/div>\n\t\t\t\t<\/div>\n\t\t\t\t<div class=\"elementor-element elementor-element-5b7c3ff elementor-widget elementor-widget-text-editor\" data-id=\"5b7c3ff\" data-element_type=\"widget\" data-e-type=\"widget\" data-widget_type=\"text-editor.default\">\n\t\t\t\t<div class=\"elementor-widget-container\">\n\t\t\t\t\t\t\t\t\t<p><span style=\"text-decoration: underline; color: #ff0000;\"><strong>Volksliedern<\/strong><\/span><\/p><p>Guantanamera<\/p><p>La Piccinina<\/p><p>Reginella Campagnola<\/p><p>Western Parade<\/p><p>mit:<br \/>Oh Susannah- Blue Mountains- Tom Dooley- John Browns Body- Clementine- Old Folks at home- Good Night Ladies<\/p>\t\t\t\t\t\t\t\t<\/div>\n\t\t\t\t<\/div>\n\t\t\t\t<div class=\"elementor-element elementor-element-b0a2347 elementor-widget elementor-widget-text-editor\" data-id=\"b0a2347\" data-element_type=\"widget\" data-e-type=\"widget\" data-widget_type=\"text-editor.default\">\n\t\t\t\t<div class=\"elementor-widget-container\">\n\t\t\t\t\t\t\t\t\t<p><span style=\"text-decoration: underline; color: #ff0000;\"><strong>Modern und Latein<\/strong><\/span><\/p><p>Babicka<\/p><p>Bill Ramsey<\/p><p>mit den Titeln:<br \/>Ohne Krimi geht die Mimi nie ins Bett- Souvenirs Souvenirs- Zuckerpuppe- Pigale<\/p><p>Dankesch\u00f6n Bert K\u00e4mpfert<\/p><p>mit den Titeln:<br \/>Afrikaan Beat- Danke sch\u00f6n- Magic Trumpet- Spanish Eyes- Swinging Safari<\/p><p>Dorogoj Dlinnoju<\/p><p>Dschinghis Khan in Concert<\/p><p>mit den Titeln:<br \/>Dschinghis Khan- Hadschi Halef Omar- Moskau- Pistolero<\/p><p>El Bimbo<\/p><p>Forever ABBA<\/p><p>mit den Titeln:<br \/>Dancing Queen- Fernando- The winner takes it all- Money, Money, Money<\/p><p>Kriminal Tango<\/p><p>Lazy Daydreamer<\/p><p>Love in Portofino<\/p><p>Malaguena<\/p><p>Moineau<\/p><p>mit den Chancons:<br \/>Hymne a L\u00b9amour- La vie en Rose- Milord- Mon Manege a moi- Non je ne regrette rien- Sous le Ciel Paris<\/p><p>Molvedeo<\/p><p>Musik Express<\/p><p>Musik ist Trumpf<\/p><p>Pepe<\/p><p>Queen in Concert<\/p><p>mit den Titeln:<br \/>Another One Bites the Dust- Bohemian Rhapsody- We will rock you- We are the Champions<\/p><p>Red River\u00b9n Roll<\/p><p>Rock for Kids<\/p><p>Simon and Garfunkel<\/p><p>mit den Titeln:<br \/>Sounds of Silence- Mrs. Robinson- Bridge over troubled water- the Boxer<\/p><p>Speedy Gonzales<\/p><p>Sunshine Cha- Cha<\/p><p>Tango Erinnerungen<\/p><p>mit den Titeln:<br \/>Eine Nacht in Monte Carlo- Es war einmal ein Musikus- Unter der roten Laterne<\/p><p>Tequila<\/p><p>The Beatles<\/p><p>mit den Titeln:<br \/>Can\u00b9t buy me love- Hey Jude- Michelle- Obladi Oblada- Yellow Submarine- Yesterday<\/p><p>The Final Countdown<\/p><p>Um Sechs im &#8222;Kelch&#8220;<\/p><p>mit den Titeln:<br \/>als meine Oma 20 war- \u00c4nnchen ich war heut bei Dir- Lady Carneval- M\u00e4del gingen voller Freud- Oma lehr mich Charleston- Melniker Polka<\/p><p>Un giorno ti diro<\/p><p>Viva la Tango<\/p><p>mit den Titeln:<br \/>Libertango- Blue Tango- La Cumparsita<\/p>\t\t\t\t\t\t\t\t<\/div>\n\t\t\t\t<\/div>\n\t\t\t\t<div class=\"elementor-element elementor-element-7a6ef52 elementor-widget elementor-widget-text-editor\" data-id=\"7a6ef52\" data-element_type=\"widget\" data-e-type=\"widget\" data-widget_type=\"text-editor.default\">\n\t\t\t\t<div class=\"elementor-widget-container\">\n\t\t\t\t\t\t\t\t\t<p><span style=\"text-decoration: underline; color: #ff0000;\"><strong>speziell f\u00fcr die Weihnachtszeit<\/strong><\/span><\/p><p>Petersburger Schlittenfahrt<\/p><p>Sleigh Ride<\/p><p>Weinachtspotpourri Teil 1<\/p><p>mit den Titeln:<br \/>Weinachtsfreude- Freude im Advent- Fr\u00f6hliche Weihnacht \u00fcberall- la\u00dft und froh und munter sein- Leise rieselt der Schnee- Morgen Kinder wirds was geben- Morgen kommt der Weihnachstmann- Tausend Sterne sind ein Dom- White Christmas<\/p><p>Weinachtspotpourri Teil 2<\/p><p>mit den Titeln:<br \/>Deck the Hall- Feliz Navidad- Marys Boy child- Santa Claus is coming to town- Rudolph the rednose- Weinachten steht vor der T\u00fcr- Winter Wounderland<\/p>\t\t\t\t\t\t\t\t<\/div>\n\t\t\t\t<\/div>\n\t\t\t\t\t<\/div>\n\t\t<\/div>\n\t\t\t\t\t<\/div>\n\t\t<\/section>\n\t\t\t\t\t<\/div>\n\t\t<\/div>\n\t\t\t\t\t<\/div>\n\t\t<\/section>\n\t\t\t\t<\/div>\n\t\t","protected":false},"excerpt":{"rendered":"<p>Unser Repertoire Auf dieser Seite finden Sie eine Auswahl unseres aktuellen Repertoires. Haben Sie einen Titel nicht gefunden? Vielleicht spielen wir ihn aber bereits. Einfach nach Ihrem Wunschtitel fragen! Polka Amsel- Polka Fuchsgraben- Polka Gablonzer Perlen Pfaffst\u00e4ttner Polka Sch\u00f6ne Serenade Trompeten- Echo Dreh Dich mein M\u00e4del Filmmusik aus dem Film &#8222;Das Leben des Brain&#8220;: Bright&hellip;&nbsp;<a href=\"https:\/\/blasorchesteraltenburg.de\/index.php\/unser-repertoire\" class=\"\" rel=\"bookmark\">Weiterlesen &raquo;<span class=\"screen-reader-text\">Unser Repertoire<\/span><\/a><\/p>\n","protected":false},"author":2,"featured_media":0,"parent":0,"menu_order":0,"comment_status":"closed","ping_status":"closed","template":"page-templates\/template-pagebuilder-full-width.php","meta":{"neve_meta_sidebar":"","neve_meta_container":"","neve_meta_enable_content_width":"off","neve_meta_content_width":0,"neve_meta_title_alignment":"","neve_meta_author_avatar":"","neve_post_elements_order":"","neve_meta_disable_header":"","neve_meta_disable_footer":"","neve_meta_disable_title":"","_glsr_average":0,"_glsr_ranking":0,"_glsr_reviews":0,"footnotes":""},"class_list":["post-97","page","type-page","status-publish","hentry"],"_links":{"self":[{"href":"https:\/\/blasorchesteraltenburg.de\/index.php\/wp-json\/wp\/v2\/pages\/97","targetHints":{"allow":["GET"]}}],"collection":[{"href":"https:\/\/blasorchesteraltenburg.de\/index.php\/wp-json\/wp\/v2\/pages"}],"about":[{"href":"https:\/\/blasorchesteraltenburg.de\/index.php\/wp-json\/wp\/v2\/types\/page"}],"author":[{"embeddable":true,"href":"https:\/\/blasorchesteraltenburg.de\/index.php\/wp-json\/wp\/v2\/users\/2"}],"replies":[{"embeddable":true,"href":"https:\/\/blasorchesteraltenburg.de\/index.php\/wp-json\/wp\/v2\/comments?post=97"}],"version-history":[{"count":3,"href":"https:\/\/blasorchesteraltenburg.de\/index.php\/wp-json\/wp\/v2\/pages\/97\/revisions"}],"predecessor-version":[{"id":309,"href":"https:\/\/blasorchesteraltenburg.de\/index.php\/wp-json\/wp\/v2\/pages\/97\/revisions\/309"}],"wp:attachment":[{"href":"https:\/\/blasorchesteraltenburg.de\/index.php\/wp-json\/wp\/v2\/media?parent=97"}],"curies":[{"name":"wp","href":"https:\/\/api.w.org\/{rel}","templated":true}]}}